{"id":31415,"date":"2024-11-26T10:21:45","date_gmt":"2024-11-26T10:21:45","guid":{"rendered":"https:\/\/kraftlager.lv\/lv\/?post_type=product&#038;p=31415"},"modified":"2024-12-21T14:00:24","modified_gmt":"2024-12-21T14:00:24","slug":"divans-gulta-flic-120","status":"publish","type":"product","link":"https:\/\/kraftlager.lv\/ru\/products\/divans-gulta-flic-120\/","title":{"rendered":"D\u012bv\u0101ns gulta Flic 120"},"content":{"rendered":"<h3 dir=\"ltr\" data-placeholder=\"Translation\" data-ved=\"2ahUKEwj5_diQ3_mJAxX9BxAIHXSREHcQ3ewLegQICxAU\" aria-label=\"Translated text: Liel\u0101ko da\u013cu sava laika pavad\u0101m viesistab\u0101. M\u0113s piemekl\u0113jam \u0113rtas un funkcion\u0101las m\u0113beles, k\u0101 ar\u012b m\u0113beles, kas priec\u0113s iedz\u012bvot\u0101jus un viesus. M\u016bsu pied\u0101v\u0101jum\u0101 ietilpst izvelkamais d\u012bv\u0101ns Flic ar garumu 120 cm. \u0112rts un pieejams modern\u0101 p\u0101rkl\u0101juma materi\u0101l\u0101 aizraujo\u0161\u0101s kr\u0101s\u0101s. \u0160\u012b retro d\u012bv\u0101na dizains atspogu\u013co ne tikai veiksm\u012bgu interjera dizainu, bet ar\u012b praktisku un patiesi p\u0101rsteidzo\u0161u telpu. Ne tikai m\u016bsu draugiem, kas m\u016bs apciemo, bet ar\u012b mums pa\u0161iem, lai atp\u016bstos gu\u013cus st\u0101vokl\u012b p\u0113c garas un nogurdino\u0161as dienas, d\u012bv\u0101nu var izloc\u012bt da\u017eu sekun\u017eu laik\u0101.\n\nT\u0101s r\u0101mis ir izgatavots no trim r\u0101mjiem, kas izgatavoti no iztur\u012bga di\u017esk\u0101bar\u017ea un sapl\u0101k\u0161\u0146a. R\u0101mji tiek tur\u0113ti kop\u0101 ar met\u0101la meh\u0101nismiem. Atzveltnes kr\u0113sls ir polster\u0113ts ar elast\u012bg\u0101m put\u0101m, kas nodro\u0161ina komfortu un labsaj\u016btu. D\u012bv\u0101ns st\u0101v uz elegant\u0101m koka k\u0101j\u0101m, kuru augstums ir 13 cm. Retro stila Flic d\u012bv\u0101ns lieliski iederas jebkur\u0101 viesistab\u0101 vai dienas istab\u0101. Tas ir lieliski piem\u0113rots viesu vai pusaud\u017eu istab\u0101m. Flic m\u0113be\u013cu kolekcij\u0101 ir ar\u012b retro stila m\u012bkstais kr\u0113sls un da\u017e\u0101da izm\u0113ra d\u012bv\u0101ni. Tie ir pieejami da\u017e\u0101d\u0101s kr\u0101s\u0101s.\">D\u012bv\u0101ns gulta Flic 120<\/h3>\n<p>Kr\u0101sa: Balts<\/p>\n<p>Materi\u0101ls: Tekstils<\/p>\n<p id=\"tw-target-text\" class=\"tw-data-text tw-text-large tw-ta\" dir=\"ltr\" data-placeholder=\"Translation\" data-ved=\"2ahUKEwj5_diQ3_mJAxX9BxAIHXSREHcQ3ewLegQICxAU\" aria-label=\"Translated text: Liel\u0101ko da\u013cu sava laika pavad\u0101m viesistab\u0101. M\u0113s piemekl\u0113jam \u0113rtas un funkcion\u0101las m\u0113beles, k\u0101 ar\u012b m\u0113beles, kas priec\u0113s iedz\u012bvot\u0101jus un viesus. M\u016bsu pied\u0101v\u0101jum\u0101 ietilpst izvelkamais d\u012bv\u0101ns Flic ar garumu 120 cm. \u0112rts un pieejams modern\u0101 p\u0101rkl\u0101juma materi\u0101l\u0101 aizraujo\u0161\u0101s kr\u0101s\u0101s. \u0160\u012b retro d\u012bv\u0101na dizains atspogu\u013co ne tikai veiksm\u012bgu interjera dizainu, bet ar\u012b praktisku un patiesi p\u0101rsteidzo\u0161u telpu. Ne tikai m\u016bsu draugiem, kas m\u016bs apciemo, bet ar\u012b mums pa\u0161iem, lai atp\u016bstos gu\u013cus st\u0101vokl\u012b p\u0113c garas un nogurdino\u0161as dienas, d\u012bv\u0101nu var izloc\u012bt da\u017eu sekun\u017eu laik\u0101.\n\nT\u0101s r\u0101mis ir izgatavots no trim r\u0101mjiem, kas izgatavoti no iztur\u012bga di\u017esk\u0101bar\u017ea un sapl\u0101k\u0161\u0146a. R\u0101mji tiek tur\u0113ti kop\u0101 ar met\u0101la meh\u0101nismiem. Atzveltnes kr\u0113sls ir polster\u0113ts ar elast\u012bg\u0101m put\u0101m, kas nodro\u0161ina komfortu un labsaj\u016btu. D\u012bv\u0101ns st\u0101v uz elegant\u0101m koka k\u0101j\u0101m, kuru augstums ir 13 cm. Retro stila Flic d\u012bv\u0101ns lieliski iederas jebkur\u0101 viesistab\u0101 vai dienas istab\u0101. Tas ir lieliski piem\u0113rots viesu vai pusaud\u017eu istab\u0101m. Flic m\u0113be\u013cu kolekcij\u0101 ir ar\u012b retro stila m\u012bkstais kr\u0113sls un da\u017e\u0101da izm\u0113ra d\u012bv\u0101ni. Tie ir pieejami da\u017e\u0101d\u0101s kr\u0101s\u0101s.\"><span class=\"Y2IQFc\" lang=\"lv\">Liel\u0101ko da\u013cu sava laika pavad\u0101m viesistab\u0101. M\u0113s piemekl\u0113jam \u0113rtas un funkcion\u0101las m\u0113beles, k\u0101 ar\u012b m\u0113beles, kas priec\u0113s iedz\u012bvot\u0101jus un viesus. M\u016bsu pied\u0101v\u0101jum\u0101 ietilpst izvelkamais d\u012bv\u0101ns Flic ar garumu 120 cm. \u0112rts un pieejams modern\u0101 p\u0101rkl\u0101juma materi\u0101l\u0101 aizraujo\u0161\u0101s kr\u0101s\u0101s. \u0160\u012b retro d\u012bv\u0101na dizains atspogu\u013co ne tikai veiksm\u012bgu interjera dizainu, bet ar\u012b praktisku un patiesi p\u0101rsteidzo\u0161u telpu. Ne tikai m\u016bsu draugiem, kas m\u016bs apciemo, bet ar\u012b mums pa\u0161iem, lai atp\u016bstos gu\u013cus st\u0101vokl\u012b p\u0113c garas un nogurdino\u0161as dienas, d\u012bv\u0101nu var izloc\u012bt da\u017eu sekun\u017eu laik\u0101. T\u0101s r\u0101mis ir izgatavots no trim r\u0101mjiem, kas izgatavoti no iztur\u012bga di\u017esk\u0101bar\u017ea un sapl\u0101k\u0161\u0146a. R\u0101mji tiek tur\u0113ti kop\u0101 ar met\u0101la meh\u0101nismiem. Atzveltnes kr\u0113sls ir polster\u0113ts ar elast\u012bg\u0101m put\u0101m, kas nodro\u0161ina komfortu un labsaj\u016btu. D\u012bv\u0101ns st\u0101v uz elegant\u0101m koka k\u0101j\u0101m, kuru augstums ir 13 cm. Retro stila Flic d\u012bv\u0101ns lieliski iederas jebkur\u0101 viesistab\u0101 vai dienas istab\u0101. Tas ir lieliski piem\u0113rots viesu vai pusaud\u017eu istab\u0101m.\u00a0<\/span><\/p>\n<pre id=\"tw-target-text\" class=\"tw-data-text tw-text-large tw-ta\" dir=\"ltr\" data-placeholder=\"Translation\" data-ved=\"2ahUKEwj5_diQ3_mJAxX9BxAIHXSREHcQ3ewLegQICxAU\" aria-label=\"Translated text: Platums\r\n120 cm\r\nAugstums\r\n78 cm\r\ndzi\u013cums\r\n90 cm\r\nSvars (neto)\r\n35,5 kg\r\nS\u0113dek\u013ca platums\r\n120 cm\r\nS\u0113dek\u013ca augstums\r\n42 cm\r\nS\u0113dek\u013ca dzi\u013cums\r\n62 cm\r\nAtzveltnes augstums\r\n42 cm\r\nk\u0101ju augstums\r\n13 cm\r\nGu\u013cu virsmas platums\r\n120 cm\r\nGu\u013cu virsmas dzi\u013cums\r\n182 cm\r\nMainiet vien\u012bbas\"><span class=\"Y2IQFc\" lang=\"lv\">Platums\r\n120 cm\r\nAugstums\r\n78 cm\r\ndzi\u013cums\r\n90 cm\r\nSvars (neto)\r\n35,5 kg\r\nS\u0113dek\u013ca platums\r\n120 cm\r\nS\u0113dek\u013ca augstums\r\n42 cm\r\nS\u0113dek\u013ca dzi\u013cums\r\n62 cm\r\nAtzveltnes augstums\r\n42 cm\r\nk\u0101ju augstums\r\n13 cm\r\nGu\u013cu virsmas platums\r\n120 cm\r\nGu\u013cu virsmas dzi\u013cums\r\n182 cm<\/span><\/pre>\n","protected":false},"excerpt":{"rendered":"<p>D\u012bv\u0101ns gulta Flic 120 Kr\u0101sa: Balts Materi\u0101ls: Tekstils Liel\u0101ko da\u013cu sava laika pavad\u0101m viesistab\u0101. M\u0113s piemekl\u0113jam \u0113rtas un funkcion\u0101las m\u0113beles, k\u0101 ar\u012b m\u0113beles, kas priec\u0113s iedz\u012bvot\u0101jus un viesus. M\u016bsu pied\u0101v\u0101jum\u0101 ietilpst izvelkamais d\u012bv\u0101ns Flic ar garumu 120 cm. \u0112rts un pieejams modern\u0101 p\u0101rkl\u0101juma materi\u0101l\u0101 aizraujo\u0161\u0101s kr\u0101s\u0101s. \u0160\u012b retro d\u012bv\u0101na dizains atspogu\u013co ne tikai veiksm\u012bgu interjera [&hellip;]<\/p>\n","protected":false},"featured_media":31409,"comment_status":"closed","ping_status":"closed","template":"","meta":{"inline_featured_image":false,"_uf_show_specific_survey":0,"_uf_disable_surveys":false},"product_brand":[],"product_cat":[130],"product_tag":[2119,2118,2129,2140,2498,2120],"class_list":{"0":"post-31415","1":"product","2":"type-product","3":"status-publish","4":"has-post-thumbnail","6":"product_cat-mebeles","7":"product_tag-bernu-divans","8":"product_tag-divans-gulta","9":"product_tag-ekskluzivs-divans","10":"product_tag-saliekams-divans","11":"product_tag-vienvietigs-divans","12":"product_tag-viesu-divans","15":"first","16":"outofstock","17":"sale","18":"taxable","19":"shipping-taxable","20":"purchasable","21":"product-type-simple"},"_links":{"self":[{"href":"https:\/\/kraftlager.lv\/ru\/wp-json\/wp\/v2\/product\/31415","targetHints":{"allow":["GET"]}}],"collection":[{"href":"https:\/\/kraftlager.lv\/ru\/wp-json\/wp\/v2\/product"}],"about":[{"href":"https:\/\/kraftlager.lv\/ru\/wp-json\/wp\/v2\/types\/product"}],"replies":[{"embeddable":true,"href":"https:\/\/kraftlager.lv\/ru\/wp-json\/wp\/v2\/comments?post=31415"}],"wp:featuredmedia":[{"embeddable":true,"href":"https:\/\/kraftlager.lv\/ru\/wp-json\/wp\/v2\/media\/31409"}],"wp:attachment":[{"href":"https:\/\/kraftlager.lv\/ru\/wp-json\/wp\/v2\/media?parent=31415"}],"wp:term":[{"taxonomy":"product_brand","embeddable":true,"href":"https:\/\/kraftlager.lv\/ru\/wp-json\/wp\/v2\/product_brand?post=31415"},{"taxonomy":"product_cat","embeddable":true,"href":"https:\/\/kraftlager.lv\/ru\/wp-json\/wp\/v2\/product_cat?post=31415"},{"taxonomy":"product_tag","embeddable":true,"href":"https:\/\/kraftlager.lv\/ru\/wp-json\/wp\/v2\/product_tag?post=31415"}],"curies":[{"name":"wp","href":"https:\/\/api.w.org\/{rel}","templated":true}]}}