{"id":31423,"date":"2024-11-26T10:32:46","date_gmt":"2024-11-26T10:32:46","guid":{"rendered":"https:\/\/kraftlager.lv\/lv\/?post_type=product&#038;p=31423"},"modified":"2025-01-20T10:09:40","modified_gmt":"2025-01-20T10:09:40","slug":"chesterfield-grand-3-vietigs-divans","status":"publish","type":"product","link":"https:\/\/kraftlager.lv\/ru\/products\/chesterfield-grand-3-vietigs-divans\/","title":{"rendered":"Chesterfield Grand 3 viet\u012bgs d\u012bv\u0101ns"},"content":{"rendered":"<h3>Chesterfield Grand 3 viet\u012bgs d\u012bv\u0101ns<\/h3>\n<p>Kr\u0101sa: Zils<\/p>\n<p>Materi\u0101ls: Vel\u016brs<\/p>\n<p id=\"tw-target-text\" class=\"tw-data-text tw-text-large tw-ta\" dir=\"ltr\" data-placeholder=\"Translation\" data-ved=\"2ahUKEwj5_diQ3_mJAxX9BxAIHXSREHcQ3ewLegQICxAU\" aria-label=\"Translated text: Chesterfield Grand d\u012bv\u0101ns ir lieliska m\u0113bele viesistabai. \u0160is skaistais, step\u0113tais Chesterfield d\u012bv\u0101ns lieliski ieder\u0113sies gan modern\u0101, gan klasisk\u0101 interjer\u0101. T\u0101 ir \u013coti rakstur\u012bga m\u0113bele, kas sp\u0113j p\u0101rveidot jebkuru telpu, pie\u0161\u0137irot tai klases un stila pieska\u0146u. Chesterfield Grand 3-viet\u012bgais d\u012bv\u0101ns piepild\u012bs interjeru un nodro\u0161in\u0101s \u0113rtu vietu, kur pavad\u012bt laiku kop\u0101 ar \u0123imeni un draugiem. Tam ir \u013coti m\u012bksts s\u0113deklis un augsta un \u0113rta atzveltne. Turkl\u0101t ir pla\u0161i, nedaudz atv\u0113rti roku balsti, kas ir milz\u012bga \u0161\u012b m\u0113be\u013cu mode\u013ca priek\u0161roc\u012bba. Pieejams da\u017e\u0101dos audumos un kr\u0101s\u0101s, kas atbilst j\u016bsu stilam un interjeram \u2013 no eleganta l\u012bdz mier\u012bg\u0101kam izskatam. \u0160eit \u013coti sp\u0113c\u012bgi tiek uzsv\u0113rta step\u0113\u0161ana, un koka karkass padara d\u012bv\u0101nu v\u0113l iespaid\u012bg\u0101ku un viegl\u0101ku\"><span class=\"Y2IQFc\" lang=\"lv\">Chesterfield Grand d\u012bv\u0101ns ir lieliska m\u0113bele viesistabai. \u0160is skaistais, step\u0113tais Chesterfield d\u012bv\u0101ns lieliski ieder\u0113sies gan modern\u0101, gan klasisk\u0101 interjer\u0101. T\u0101 ir \u013coti rakstur\u012bga m\u0113bele, kas sp\u0113j p\u0101rveidot jebkuru telpu, pie\u0161\u0137irot tai klases un stila pieska\u0146u. Chesterfield Grand 3-viet\u012bgais d\u012bv\u0101ns piepild\u012bs interjeru un nodro\u0161in\u0101s \u0113rtu vietu, kur pavad\u012bt laiku kop\u0101 ar \u0123imeni un draugiem. Tam ir \u013coti m\u012bksts s\u0113deklis un augsta un \u0113rta atzveltne. Turkl\u0101t ir pla\u0161i, nedaudz atv\u0113rti roku balsti, kas ir milz\u012bga \u0161\u012b m\u0113be\u013cu mode\u013ca priek\u0161roc\u012bba. Pieejams da\u017e\u0101dos audumos un kr\u0101s\u0101s, kas atbilst j\u016bsu stilam un interjeram \u2013 no eleganta l\u012bdz mier\u012bg\u0101kam izskatam. \u0160eit \u013coti sp\u0113c\u012bgi tiek uzsv\u0113rta step\u0113\u0161ana, un koka karkass padara d\u012bv\u0101nu v\u0113l iespaid\u012bg\u0101ku un viegl\u0101ku.<\/span><\/p>\n<pre id=\"tw-target-text\" class=\"tw-data-text tw-text-large tw-ta\" dir=\"ltr\" data-placeholder=\"Translation\" data-ved=\"2ahUKEwj5_diQ3_mJAxX9BxAIHXSREHcQ3ewLegQICxAU\" aria-label=\"Translated text: Svars 70 kg Platums 244 cm Augstums 78 cm Dzi\u013cums 92 cm S\u0113dek\u013ca platums 176 cm S\u0113dek\u013ca augstums 50 cm S\u0113dek\u013ca dzi\u013cums 54 cm S\u0101nu augstums 76 cm Muguras augstums 32 cm K\u0101ju augstums 12 cm\"><span class=\"Y2IQFc\" lang=\"lv\">Svars\r\n70 kg\r\nPlatums\r\n244 cm\r\nAugstums\r\n78 cm\r\nDzi\u013cums\r\n92 cm\r\nS\u0113dek\u013ca platums\r\n176 cm\r\nS\u0113dek\u013ca augstums\r\n50 cm\r\nS\u0113dek\u013ca dzi\u013cums\r\n54 cm\r\nS\u0101nu augstums\r\n76 cm\r\nMuguras augstums\r\n32 cm\r\nK\u0101ju augstums\r\n12 cm<\/span><\/pre>\n","protected":false},"excerpt":{"rendered":"<p>Chesterfield Grand 3 viet\u012bgs d\u012bv\u0101ns Kr\u0101sa: Zils Materi\u0101ls: Vel\u016brs Chesterfield Grand d\u012bv\u0101ns ir lieliska m\u0113bele viesistabai. \u0160is skaistais, step\u0113tais Chesterfield d\u012bv\u0101ns lieliski ieder\u0113sies gan modern\u0101, gan klasisk\u0101 interjer\u0101. T\u0101 ir \u013coti rakstur\u012bga m\u0113bele, kas sp\u0113j p\u0101rveidot jebkuru telpu, pie\u0161\u0137irot tai klases un stila pieska\u0146u. Chesterfield Grand 3-viet\u012bgais d\u012bv\u0101ns piepild\u012bs interjeru un nodro\u0161in\u0101s \u0113rtu vietu, kur [&hellip;]<\/p>\n","protected":false},"featured_media":31424,"comment_status":"closed","ping_status":"closed","template":"","meta":{"inline_featured_image":false,"_uf_show_specific_survey":0,"_uf_disable_surveys":false},"product_brand":[],"product_cat":[130],"product_tag":[681,964,629,2129,2133,2120],"class_list":{"0":"post-31423","1":"product","2":"type-product","3":"status-publish","4":"has-post-thumbnail","6":"product_cat-mebeles","7":"product_tag-atputas-sofa","8":"product_tag-cesterfield-divans","9":"product_tag-cesterfield-sofa","10":"product_tag-ekskluzivs-divans","11":"product_tag-ofisa-divans","12":"product_tag-viesu-divans","15":"first","16":"outofstock","17":"sale","18":"taxable","19":"shipping-taxable","20":"purchasable","21":"product-type-simple"},"_links":{"self":[{"href":"https:\/\/kraftlager.lv\/ru\/wp-json\/wp\/v2\/product\/31423","targetHints":{"allow":["GET"]}}],"collection":[{"href":"https:\/\/kraftlager.lv\/ru\/wp-json\/wp\/v2\/product"}],"about":[{"href":"https:\/\/kraftlager.lv\/ru\/wp-json\/wp\/v2\/types\/product"}],"replies":[{"embeddable":true,"href":"https:\/\/kraftlager.lv\/ru\/wp-json\/wp\/v2\/comments?post=31423"}],"wp:featuredmedia":[{"embeddable":true,"href":"https:\/\/kraftlager.lv\/ru\/wp-json\/wp\/v2\/media\/31424"}],"wp:attachment":[{"href":"https:\/\/kraftlager.lv\/ru\/wp-json\/wp\/v2\/media?parent=31423"}],"wp:term":[{"taxonomy":"product_brand","embeddable":true,"href":"https:\/\/kraftlager.lv\/ru\/wp-json\/wp\/v2\/product_brand?post=31423"},{"taxonomy":"product_cat","embeddable":true,"href":"https:\/\/kraftlager.lv\/ru\/wp-json\/wp\/v2\/product_cat?post=31423"},{"taxonomy":"product_tag","embeddable":true,"href":"https:\/\/kraftlager.lv\/ru\/wp-json\/wp\/v2\/product_tag?post=31423"}],"curies":[{"name":"wp","href":"https:\/\/api.w.org\/{rel}","templated":true}]}}