{"id":31433,"date":"2024-11-26T10:45:11","date_gmt":"2024-11-26T10:45:11","guid":{"rendered":"https:\/\/kraftlager.lv\/lv\/?post_type=product&#038;p=31433"},"modified":"2025-01-22T07:52:04","modified_gmt":"2025-01-22T07:52:04","slug":"chesterfield-modern-wood-2-vietigs-divans","status":"publish","type":"product","link":"https:\/\/kraftlager.lv\/ru\/products\/chesterfield-modern-wood-2-vietigs-divans\/","title":{"rendered":"Chesterfield Modern Wood 2 viet\u012bgs d\u012bv\u0101ns"},"content":{"rendered":"<h3>Chesterfield Modern Wood 2 viet\u012bgs d\u012bv\u0101ns<\/h3>\n<p>Kr\u0101sa: balts<\/p>\n<p>Materi\u0101ls: tekstils<\/p>\n<p>K\u0101ju materi\u0101ls: koks<\/p>\n<p id=\"tw-target-text\" class=\"tw-data-text tw-text-large tw-ta\" dir=\"ltr\" data-placeholder=\"Translation\" data-ved=\"2ahUKEwj5_diQ3_mJAxX9BxAIHXSREHcQ3ewLegQICxAU\" aria-label=\"Translated text: M\u016bsu Chesterfield Modern Wood 2-viet\u012bgais d\u012bv\u0101ns ir \u013coti eleganta m\u0113bele, kas ir bijusi \u013coti popul\u0101ra no br\u012b\u017ea, kad t\u0101 par\u0101d\u012bj\u0101s m\u016bsu kolekcij\u0101. \u0160\u012b m\u0113bele ne tikai izskat\u0101s satrieco\u0161i, bet taj\u0101 pa\u0161\u0101 laik\u0101 ir ar\u012b \u013coti \u0113rta. Sp\u0113c\u012bgs vat\u0113jums uz atzveltnes un roku balstiem ir tai rakstur\u012bg\u0101s iez\u012bmes, kas rakstur\u012bgas \u010cesterf\u012blda tipa d\u012bv\u0101niem. Tie izce\u013c d\u012bv\u0101na raksturu un padara to \u013coti vizu\u0101li pat\u012bkamu. \u0160is d\u012bv\u0101ns lieliski ieder\u0113sies gan modern\u0101s, gan klasisk\u0101s dz\u012bvojam\u0101s istab\u0101s. Tas \u013caus jums izcelt visas telpas lab\u0101k\u0101s \u012bpa\u0161\u012bbas un noteikti k\u013c\u016bs par visas m\u0101jas \u0161ovu. M\u016bsu jaunais Chesterfield Modern Wood d\u012bv\u0101na modelis izce\u013cas galvenok\u0101rt ar koka r\u0101mi ar vienk\u0101r\u0161\u0101m koka k\u0101j\u0101m. \u0160ie elementi atg\u0101dina dabu un \u013cauj izveidot interesantu un uzman\u012bbu piesaisto\u0161u interjeru.\"><span class=\"Y2IQFc\" lang=\"lv\">Chesterfield Modern Wood 2-viet\u012bgais d\u012bv\u0101ns ir \u013coti eleganta m\u0113bele, kas ir bijusi \u013coti popul\u0101ra no br\u012b\u017ea, kad t\u0101 par\u0101d\u012bj\u0101s m\u016bsu kolekcij\u0101. \u0160\u012b m\u0113bele ne tikai izskat\u0101s satrieco\u0161i, bet taj\u0101 pa\u0161\u0101 laik\u0101 ir ar\u012b \u013coti \u0113rta. Sp\u0113c\u012bgs vat\u0113jums uz atzveltnes un roku balstiem ir tai rakstur\u012bg\u0101s iez\u012bmes, kas rakstur\u012bgas \u010cesterf\u012blda tipa d\u012bv\u0101niem. Tie izce\u013c d\u012bv\u0101na raksturu un padara to \u013coti vizu\u0101li pat\u012bkamu. \u0160is d\u012bv\u0101ns lieliski ieder\u0113sies gan modern\u0101s, gan klasisk\u0101s dz\u012bvojam\u0101s istab\u0101s. Tas \u013caus jums izcelt visas telpas lab\u0101k\u0101s \u012bpa\u0161\u012bbas un noteikti k\u013c\u016bs par visas m\u0101jas \u0161ovu. M\u016bsu jaunais Chesterfield Modern Wood d\u012bv\u0101na modelis izce\u013cas galvenok\u0101rt ar koka r\u0101mi ar vienk\u0101r\u0161\u0101m koka k\u0101j\u0101m. \u0160ie elementi atg\u0101dina dabu un \u013cauj izveidot interesantu un uzman\u012bbu piesaisto\u0161u interjeru.<\/span><\/p>\n<p dir=\"ltr\" data-placeholder=\"Translation\" data-ved=\"2ahUKEwj5_diQ3_mJAxX9BxAIHXSREHcQ3ewLegQICxAU\" aria-label=\"Translated text: M\u016bsu Chesterfield Modern Wood 2-viet\u012bgais d\u012bv\u0101ns ir \u013coti eleganta m\u0113bele, kas ir bijusi \u013coti popul\u0101ra no br\u012b\u017ea, kad t\u0101 par\u0101d\u012bj\u0101s m\u016bsu kolekcij\u0101. \u0160\u012b m\u0113bele ne tikai izskat\u0101s satrieco\u0161i, bet taj\u0101 pa\u0161\u0101 laik\u0101 ir ar\u012b \u013coti \u0113rta. Sp\u0113c\u012bgs vat\u0113jums uz atzveltnes un roku balstiem ir tai rakstur\u012bg\u0101s iez\u012bmes, kas rakstur\u012bgas \u010cesterf\u012blda tipa d\u012bv\u0101niem. Tie izce\u013c d\u012bv\u0101na raksturu un padara to \u013coti vizu\u0101li pat\u012bkamu. \u0160is d\u012bv\u0101ns lieliski ieder\u0113sies gan modern\u0101s, gan klasisk\u0101s dz\u012bvojam\u0101s istab\u0101s. Tas \u013caus jums izcelt visas telpas lab\u0101k\u0101s \u012bpa\u0161\u012bbas un noteikti k\u013c\u016bs par visas m\u0101jas \u0161ovu. M\u016bsu jaunais Chesterfield Modern Wood d\u012bv\u0101na modelis izce\u013cas galvenok\u0101rt ar koka r\u0101mi ar vienk\u0101r\u0161\u0101m koka k\u0101j\u0101m. \u0160ie elementi atg\u0101dina dabu un \u013cauj izveidot interesantu un uzman\u012bbu piesaisto\u0161u interjeru.\">Svars<br \/>\n43,5 kg<br \/>\nPlatums<br \/>\n183 cm<br \/>\nAugstums<br \/>\n74 cm<br \/>\nDzi\u013cums<br \/>\n80 cm<br \/>\nS\u0113dek\u013ca platums<br \/>\n136 cm<br \/>\nS\u0113dek\u013ca augstums<br \/>\n47 cm<br \/>\nS\u0113dek\u013ca dzi\u013cums<br \/>\n56 cm<br \/>\nS\u0101nu augstums<br \/>\n54 cm<br \/>\nAtzveltnes augstums<br \/>\n30 cm<br \/>\nK\u0101ju augstums<br \/>\n17 cm<\/p>\n","protected":false},"excerpt":{"rendered":"<p>Chesterfield Modern Wood 2 viet\u012bgs d\u012bv\u0101ns Kr\u0101sa: balts Materi\u0101ls: tekstils K\u0101ju materi\u0101ls: koks Chesterfield Modern Wood 2-viet\u012bgais d\u012bv\u0101ns ir \u013coti eleganta m\u0113bele, kas ir bijusi \u013coti popul\u0101ra no br\u012b\u017ea, kad t\u0101 par\u0101d\u012bj\u0101s m\u016bsu kolekcij\u0101. \u0160\u012b m\u0113bele ne tikai izskat\u0101s satrieco\u0161i, bet taj\u0101 pa\u0161\u0101 laik\u0101 ir ar\u012b \u013coti \u0113rta. Sp\u0113c\u012bgs vat\u0113jums uz atzveltnes un roku balstiem [&hellip;]<\/p>\n","protected":false},"featured_media":31434,"comment_status":"closed","ping_status":"closed","template":"","meta":{"inline_featured_image":false,"_uf_show_specific_survey":0,"_uf_disable_surveys":false},"product_brand":[],"product_cat":[130],"product_tag":[681,964,629,2129,2133,2120],"class_list":{"0":"post-31433","1":"product","2":"type-product","3":"status-publish","4":"has-post-thumbnail","6":"product_cat-mebeles","7":"product_tag-atputas-sofa","8":"product_tag-cesterfield-divans","9":"product_tag-cesterfield-sofa","10":"product_tag-ekskluzivs-divans","11":"product_tag-ofisa-divans","12":"product_tag-viesu-divans","15":"first","16":"outofstock","17":"sale","18":"taxable","19":"shipping-taxable","20":"purchasable","21":"product-type-simple"},"_links":{"self":[{"href":"https:\/\/kraftlager.lv\/ru\/wp-json\/wp\/v2\/product\/31433","targetHints":{"allow":["GET"]}}],"collection":[{"href":"https:\/\/kraftlager.lv\/ru\/wp-json\/wp\/v2\/product"}],"about":[{"href":"https:\/\/kraftlager.lv\/ru\/wp-json\/wp\/v2\/types\/product"}],"replies":[{"embeddable":true,"href":"https:\/\/kraftlager.lv\/ru\/wp-json\/wp\/v2\/comments?post=31433"}],"wp:featuredmedia":[{"embeddable":true,"href":"https:\/\/kraftlager.lv\/ru\/wp-json\/wp\/v2\/media\/31434"}],"wp:attachment":[{"href":"https:\/\/kraftlager.lv\/ru\/wp-json\/wp\/v2\/media?parent=31433"}],"wp:term":[{"taxonomy":"product_brand","embeddable":true,"href":"https:\/\/kraftlager.lv\/ru\/wp-json\/wp\/v2\/product_brand?post=31433"},{"taxonomy":"product_cat","embeddable":true,"href":"https:\/\/kraftlager.lv\/ru\/wp-json\/wp\/v2\/product_cat?post=31433"},{"taxonomy":"product_tag","embeddable":true,"href":"https:\/\/kraftlager.lv\/ru\/wp-json\/wp\/v2\/product_tag?post=31433"}],"curies":[{"name":"wp","href":"https:\/\/api.w.org\/{rel}","templated":true}]}}