{"id":31445,"date":"2024-11-26T11:27:23","date_gmt":"2024-11-26T11:27:23","guid":{"rendered":"https:\/\/kraftlager.lv\/lv\/?post_type=product&#038;p=31445"},"modified":"2025-01-22T12:59:44","modified_gmt":"2025-01-22T12:59:44","slug":"slender-3-vietigs-divans","status":"publish","type":"product","link":"https:\/\/kraftlager.lv\/ru\/products\/slender-3-vietigs-divans\/","title":{"rendered":"Slender 3 viet\u012bgs d\u012bv\u0101ns"},"content":{"rendered":"<h3>Slender 3 viet\u012bgs d\u012bv\u0101ns<\/h3>\n<p>Kr\u0101sa: s\u016bnu za\u013c\u0161<\/p>\n<p>Materi\u0101ls: vel\u016brs<\/p>\n<p id=\"tw-target-text\" class=\"tw-data-text tw-text-large tw-ta\" dir=\"ltr\" data-placeholder=\"Translation\" data-ved=\"2ahUKEwj5_diQ3_mJAxX9BxAIHXSREHcQ3ewLegQICxAU\" aria-label=\"Translated text: Cilv\u0113kiem d\u012bv\u0101ni asoci\u0113jas ar atp\u016btu un relaks\u0101ciju. \u0160eit m\u0113s pavad\u0101m laiku ar labu gr\u0101matu vai filmu. T\u0101 ir vieta, kur m\u0113s varam pas\u0113d\u0113t ar \u0123imeni un t\u0113rz\u0113t ar vi\u0146iem pie tases labas t\u0113jas vai kafijas. Slaidais 3-viet\u012bgais d\u012bv\u0101ns ir m\u0113bele, kas \u013caus atp\u016bsties visai \u0123imenei vienlaikus. Tas ir liels d\u012bv\u0101ns \u013coti unik\u0101l\u0101 form\u0101, ta\u010du stil\u0101, kas noteikti ieder\u0113sies jebkur\u0101 dizain\u0101. \u0112rt\u0101 atzveltne ir dekor\u0113ta ar \u0161uv\u0113m. Pieskaroties pat\u012bkamais audums, k\u0101 ar\u012b pla\u0161\u0101 kr\u0101su sh\u0113ma \u013caus jums izveidot neparastu telpu atp\u016btai. Slender 3-viet\u012bg\u0101 d\u012bv\u0101na s\u0113deklis ir pild\u012bts ar elast\u012bg\u0101m put\u0101m un vi\u013c\u0146veida atsperi. Rezult\u0101t\u0101 j\u016bs izbaud\u012bsiet m\u012bkstu un \u0113rtu s\u0113dekli. Atzveltne lieliski piel\u0101gojas j\u016bsu \u0137ermenim un nodro\u0161ina, ka mugura var atp\u016bsties optim\u0101l\u0101 st\u0101vokl\u012b. Stil\u012bg\u0101s k\u0101jas ir izgatavotas no di\u017esk\u0101bar\u017ea koka. Tie maigi pace\u013c visu \u0161\u012bs m\u0113beles r\u0101mi, kas padara visu d\u012bv\u0101nu vieglu.\"><span class=\"Y2IQFc\" lang=\"lv\">Cilv\u0113kiem d\u012bv\u0101ni asoci\u0113jas ar atp\u016btu un relaks\u0101ciju. \u0160eit m\u0113s pavad\u0101m laiku ar labu gr\u0101matu vai filmu. T\u0101 ir vieta, kur m\u0113s varam pas\u0113d\u0113t ar \u0123imeni un t\u0113rz\u0113t ar vi\u0146iem pie tases labas t\u0113jas vai kafijas. Slender 3-viet\u012bgais d\u012bv\u0101ns ir m\u0113bele, kas \u013caus atp\u016bsties visai \u0123imenei vienlaikus. Tas ir liels d\u012bv\u0101ns \u013coti unik\u0101l\u0101 form\u0101, ta\u010du stil\u0101, kas noteikti ieder\u0113sies jebkur\u0101 dizain\u0101. \u0112rt\u0101 atzveltne ir dekor\u0113ta ar \u0161uv\u0113m. Pieskaroties pat\u012bkamais audums, k\u0101 ar\u012b pla\u0161\u0101 kr\u0101su sh\u0113ma \u013caus jums izveidot neparastu telpu atp\u016btai. Slender 3-viet\u012bg\u0101 d\u012bv\u0101na s\u0113deklis ir pild\u012bts ar elast\u012bg\u0101m put\u0101m un vi\u013c\u0146veida atsperi. Rezult\u0101t\u0101 j\u016bs izbaud\u012bsiet m\u012bkstu un \u0113rtu s\u0113dekli. Atzveltne lieliski piel\u0101gojas j\u016bsu \u0137ermenim un nodro\u0161ina, ka mugura var atp\u016bsties optim\u0101l\u0101 st\u0101vokl\u012b. Stil\u012bg\u0101s k\u0101jas ir izgatavotas no di\u017esk\u0101bar\u017ea koka. Tie maigi pace\u013c visu \u0161\u012bs m\u0113beles r\u0101mi, kas padara visu d\u012bv\u0101nu vieglu.<\/span><\/p>\n<pre id=\"tw-target-text\" class=\"tw-data-text tw-text-large tw-ta\" dir=\"ltr\" data-placeholder=\"Translation\" data-ved=\"2ahUKEwj5_diQ3_mJAxX9BxAIHXSREHcQ3ewLegQICxAU\" aria-label=\"Translated text: Svars 43,8 kg Platums 201 cm Augstums 71 cm Dzi\u013cums 83 cm S\u0113dek\u013ca platums 168 cm S\u0113dek\u013ca augstums 47 cm S\u0113dek\u013ca dzi\u013cums 58 cm S\u0101nu augstums 53 cm Muguras augstums 34 cm K\u0101ju augstums 18 cm\"><span class=\"Y2IQFc\" lang=\"lv\">Svars\r\n43,8 kg\r\nPlatums\r\n201 cm\r\nAugstums\r\n71 cm\r\nDzi\u013cums\r\n83 cm\r\nS\u0113dek\u013ca platums\r\n168 cm\r\nS\u0113dek\u013ca augstums\r\n47 cm\r\nS\u0113dek\u013ca dzi\u013cums\r\n58 cm\r\nS\u0101nu augstums\r\n53 cm\r\nMuguras augstums\r\n34 cm\r\nK\u0101ju augstums\r\n18 cm<\/span><\/pre>\n","protected":false},"excerpt":{"rendered":"<p>Slender 3 viet\u012bgs d\u012bv\u0101ns Kr\u0101sa: s\u016bnu za\u013c\u0161 Materi\u0101ls: vel\u016brs Cilv\u0113kiem d\u012bv\u0101ni asoci\u0113jas ar atp\u016btu un relaks\u0101ciju. \u0160eit m\u0113s pavad\u0101m laiku ar labu gr\u0101matu vai filmu. T\u0101 ir vieta, kur m\u0113s varam pas\u0113d\u0113t ar \u0123imeni un t\u0113rz\u0113t ar vi\u0146iem pie tases labas t\u0113jas vai kafijas. Slender 3-viet\u012bgais d\u012bv\u0101ns ir m\u0113bele, kas \u013caus atp\u016bsties visai \u0123imenei vienlaikus. [&hellip;]<\/p>\n","protected":false},"featured_media":31446,"comment_status":"closed","ping_status":"closed","template":"","meta":{"inline_featured_image":false,"_uf_show_specific_survey":0,"_uf_disable_surveys":false},"product_brand":[],"product_cat":[130],"product_tag":[2129,2499,2139,2128],"class_list":{"0":"post-31445","1":"product","2":"type-product","3":"status-publish","4":"has-post-thumbnail","6":"product_cat-mebeles","7":"product_tag-ekskluzivs-divans","8":"product_tag-moderns-divans","9":"product_tag-ofisa-sofa","10":"product_tag-viesistabas-divans","13":"first","14":"outofstock","15":"sale","16":"taxable","17":"shipping-taxable","18":"purchasable","19":"product-type-simple"},"_links":{"self":[{"href":"https:\/\/kraftlager.lv\/ru\/wp-json\/wp\/v2\/product\/31445","targetHints":{"allow":["GET"]}}],"collection":[{"href":"https:\/\/kraftlager.lv\/ru\/wp-json\/wp\/v2\/product"}],"about":[{"href":"https:\/\/kraftlager.lv\/ru\/wp-json\/wp\/v2\/types\/product"}],"replies":[{"embeddable":true,"href":"https:\/\/kraftlager.lv\/ru\/wp-json\/wp\/v2\/comments?post=31445"}],"wp:featuredmedia":[{"embeddable":true,"href":"https:\/\/kraftlager.lv\/ru\/wp-json\/wp\/v2\/media\/31446"}],"wp:attachment":[{"href":"https:\/\/kraftlager.lv\/ru\/wp-json\/wp\/v2\/media?parent=31445"}],"wp:term":[{"taxonomy":"product_brand","embeddable":true,"href":"https:\/\/kraftlager.lv\/ru\/wp-json\/wp\/v2\/product_brand?post=31445"},{"taxonomy":"product_cat","embeddable":true,"href":"https:\/\/kraftlager.lv\/ru\/wp-json\/wp\/v2\/product_cat?post=31445"},{"taxonomy":"product_tag","embeddable":true,"href":"https:\/\/kraftlager.lv\/ru\/wp-json\/wp\/v2\/product_tag?post=31445"}],"curies":[{"name":"wp","href":"https:\/\/api.w.org\/{rel}","templated":true}]}}