{"id":31450,"date":"2024-11-26T12:16:05","date_gmt":"2024-11-26T12:16:05","guid":{"rendered":"https:\/\/kraftlager.lv\/lv\/?post_type=product&#038;p=31450"},"modified":"2025-01-02T13:43:31","modified_gmt":"2025-01-02T13:43:31","slug":"baron-stura-divans","status":"publish","type":"product","link":"https:\/\/kraftlager.lv\/ru\/products\/baron-stura-divans\/","title":{"rendered":"Baron st\u016bra d\u012bv\u0101ns"},"content":{"rendered":"<h3>Baron st\u016bra d\u012bv\u0101ns<\/h3>\n<p>Kr\u0101sa: s\u016bnu za\u013c\u0161<\/p>\n<p>Materi\u0101ls: vel\u016brs<\/p>\n<p id=\"tw-target-text\" class=\"tw-data-text tw-text-large tw-ta\" dir=\"ltr\" data-placeholder=\"Translation\" data-ved=\"2ahUKEwj5_diQ3_mJAxX9BxAIHXSREHcQ3ewLegQICxAU\" aria-label=\"Translated text: Izv\u0113loties st\u016bra d\u012bv\u0101nu savai m\u0101jai, ir v\u0113rts piev\u0113rst uzman\u012bbu t\u0101 izgatavo\u0161anas un izskata est\u0113tikai. M\u0113bele bie\u017ei vien ie\u0146em noz\u012bm\u012bgu vietu dz\u012bvojam\u0101 istab\u0101 un k\u013c\u016bst par visa interjera centr\u0101lo punktu.\n\nM\u016bsu Baron lab\u0101s puses st\u016bra d\u012bv\u0101ns var p\u0101rveidot jebkuru interjeru ar savu klasisko dizainu un eleganci. Dzi\u013cais, br\u012bvais s\u0113deklis garant\u0113 lieto\u0161anas komfortu. D\u012bv\u0101nam izmantotie augstas kvalit\u0101tes materi\u0101li pie\u0161\u0137ir tam unik\u0101lu raksturu.\n\nJums ir iesp\u0113ja izveidot visu komplektu un papildus savam lab\u0101s puses st\u016bra d\u012bv\u0101nam izv\u0113l\u0113ties atzveltnes kr\u0113slu, divviet\u012bgu vai tr\u012bsviet\u012bgu d\u012bv\u0101nu. M\u0113s pied\u0101v\u0101jam m\u016bsu m\u0113bel\u0113m 12 m\u0113ne\u0161u garantiju.\"><span class=\"Y2IQFc\" lang=\"lv\">Izv\u0113loties st\u016bra d\u012bv\u0101nu savai m\u0101jai, ir v\u0113rts piev\u0113rst uzman\u012bbu t\u0101 izgatavo\u0161anas un izskata est\u0113tikai. M\u0113bele bie\u017ei vien ie\u0146em noz\u012bm\u012bgu vietu dz\u012bvojam\u0101 istab\u0101 un k\u013c\u016bst par visa interjera centr\u0101lo punktu. M\u016bsu Baron lab\u0101s puses st\u016bra d\u012bv\u0101ns var p\u0101rveidot jebkuru interjeru ar savu klasisko dizainu un eleganci. Dzi\u013cais, br\u012bvais s\u0113deklis garant\u0113 lieto\u0161anas komfortu. D\u012bv\u0101nam izmantotie augstas kvalit\u0101tes materi\u0101li pie\u0161\u0137ir tam unik\u0101lu raksturu.<\/span><\/p>\n<pre id=\"tw-target-text\" class=\"tw-data-text tw-text-large tw-ta\" dir=\"ltr\" data-placeholder=\"Translation\" data-ved=\"2ahUKEwj5_diQ3_mJAxX9BxAIHXSREHcQ3ewLegQICxAU\" aria-label=\"Translated text: Svars\r\n82 kg\r\nPlatums\r\n254 cm\r\nAugstums\r\n85 cm\r\nDzi\u013cums\r\n196 cm\r\nS\u0113dek\u013ca augstums\r\n46 cm\r\nS\u0113dek\u013ca dzi\u013cums\r\n55 cm\r\nS\u0101nu augstums\r\n64 cm\r\nMuguras augstums\r\n50 cm\r\nK\u0101ju augstums\r\n2,5 cm\r\nSl\u0113d\u017ea vien\u012bbas\"><span class=\"Y2IQFc\" lang=\"lv\">Svars\r\n82 kg\r\nPlatums\r\n254 cm\r\nAugstums\r\n85 cm\r\nDzi\u013cums\r\n196 cm\r\nS\u0113dek\u013ca augstums\r\n46 cm\r\nS\u0113dek\u013ca dzi\u013cums\r\n55 cm\r\nS\u0101nu augstums\r\n64 cm\r\nMuguras augstums\r\n50 cm\r\nK\u0101ju augstums\r\n2,5 cm<\/span><\/pre>\n","protected":false},"excerpt":{"rendered":"<p>Baron st\u016bra d\u012bv\u0101ns Kr\u0101sa: s\u016bnu za\u013c\u0161 Materi\u0101ls: vel\u016brs Izv\u0113loties st\u016bra d\u012bv\u0101nu savai m\u0101jai, ir v\u0113rts piev\u0113rst uzman\u012bbu t\u0101 izgatavo\u0161anas un izskata est\u0113tikai. M\u0113bele bie\u017ei vien ie\u0146em noz\u012bm\u012bgu vietu dz\u012bvojam\u0101 istab\u0101 un k\u013c\u016bst par visa interjera centr\u0101lo punktu. M\u016bsu Baron lab\u0101s puses st\u016bra d\u012bv\u0101ns var p\u0101rveidot jebkuru interjeru ar savu klasisko dizainu un eleganci. Dzi\u013cais, br\u012bvais [&hellip;]<\/p>\n","protected":false},"featured_media":31451,"comment_status":"closed","ping_status":"closed","template":"","meta":{"inline_featured_image":false,"_uf_show_specific_survey":0,"_uf_disable_surveys":false},"product_brand":[],"product_cat":[130],"product_tag":[2129,343,2128],"class_list":{"0":"post-31450","1":"product","2":"type-product","3":"status-publish","4":"has-post-thumbnail","6":"product_cat-mebeles","7":"product_tag-ekskluzivs-divans","8":"product_tag-stura-divans","9":"product_tag-viesistabas-divans","12":"first","13":"outofstock","14":"sale","15":"taxable","16":"shipping-taxable","17":"purchasable","18":"product-type-simple"},"_links":{"self":[{"href":"https:\/\/kraftlager.lv\/ru\/wp-json\/wp\/v2\/product\/31450","targetHints":{"allow":["GET"]}}],"collection":[{"href":"https:\/\/kraftlager.lv\/ru\/wp-json\/wp\/v2\/product"}],"about":[{"href":"https:\/\/kraftlager.lv\/ru\/wp-json\/wp\/v2\/types\/product"}],"replies":[{"embeddable":true,"href":"https:\/\/kraftlager.lv\/ru\/wp-json\/wp\/v2\/comments?post=31450"}],"wp:featuredmedia":[{"embeddable":true,"href":"https:\/\/kraftlager.lv\/ru\/wp-json\/wp\/v2\/media\/31451"}],"wp:attachment":[{"href":"https:\/\/kraftlager.lv\/ru\/wp-json\/wp\/v2\/media?parent=31450"}],"wp:term":[{"taxonomy":"product_brand","embeddable":true,"href":"https:\/\/kraftlager.lv\/ru\/wp-json\/wp\/v2\/product_brand?post=31450"},{"taxonomy":"product_cat","embeddable":true,"href":"https:\/\/kraftlager.lv\/ru\/wp-json\/wp\/v2\/product_cat?post=31450"},{"taxonomy":"product_tag","embeddable":true,"href":"https:\/\/kraftlager.lv\/ru\/wp-json\/wp\/v2\/product_tag?post=31450"}],"curies":[{"name":"wp","href":"https:\/\/api.w.org\/{rel}","templated":true}]}}