{"id":31480,"date":"2024-11-27T10:18:05","date_gmt":"2024-11-27T10:18:05","guid":{"rendered":"https:\/\/kraftlager.lv\/lv\/?post_type=product&#038;p=31480"},"modified":"2025-01-23T14:41:29","modified_gmt":"2025-01-23T14:41:29","slug":"charles-stura-divans","status":"publish","type":"product","link":"https:\/\/kraftlager.lv\/ru\/products\/charles-stura-divans\/","title":{"rendered":"Charles st\u016bra d\u012bv\u0101ns"},"content":{"rendered":"<p>Charles st\u016bra d\u012bv\u0101ns, kreis\u0101s puses<\/p>\n<p>Kr\u0101sa: pel\u0113ki roz\u0101<\/p>\n<p>Materi\u0101ls: tekstils<\/p>\n<p id=\"tw-target-text\" class=\"tw-data-text tw-text-large tw-ta\" dir=\"ltr\" data-placeholder=\"Translation\" data-ved=\"2ahUKEwjtnN-yovyJAxWEJxAIHcUxDHoQ3ewLegQICxAU\" aria-label=\"Translated text: Charles st\u016bra d\u012bv\u0101ns ir ide\u0101ls risin\u0101jums, ja v\u0113laties savai \u0123imenei un draugiem nodro\u0161in\u0101t atp\u016btu un relaks\u0101ciju. Mas\u012bva m\u0113bele ar br\u012bvi izvietotiem atzveltnes spilveniem, kas pild\u012bti ar silikona \u0161\u0137iedr\u0101m, garant\u0113 gan komfortu, gan labu atbalstu mugurai. Fiks\u0113tais s\u0113deklis ir izgatavots no \u013coti elast\u012bg\u0101m put\u0101m un pastiprin\u0101ts ar atsper\u0113m. St\u016bra d\u012bv\u0101na pagarin\u0101t\u0101 da\u013ca \u013cauj br\u012bvi izstiept k\u0101jas un izmantot m\u0113beles da\u013c\u0113ji gu\u013cus st\u0101vokl\u012b. Charles st\u016bra d\u012bv\u0101ns nodro\u0161ina daudz vair\u0101k sabiedrisku vietu vair\u0101kiem cilv\u0113kiem nek\u0101 standarta d\u012bv\u0101ns.\"><span class=\"Y2IQFc\" lang=\"lv\">Charles st\u016bra d\u012bv\u0101ns ir ide\u0101ls risin\u0101jums, ja v\u0113laties savai \u0123imenei un draugiem nodro\u0161in\u0101t atp\u016btu un relaks\u0101ciju. Mas\u012bva m\u0113bele ar br\u012bvi izvietotiem atzveltnes spilveniem, kas pild\u012bti ar silikona \u0161\u0137iedr\u0101m, garant\u0113 gan komfortu, gan labu atbalstu mugurai. Fiks\u0113tais s\u0113deklis ir izgatavots no \u013coti elast\u012bg\u0101m put\u0101m un pastiprin\u0101ts ar atsper\u0113m. St\u016bra d\u012bv\u0101na pagarin\u0101t\u0101 da\u013ca \u013cauj br\u012bvi izstiept k\u0101jas un izmantot m\u0113beles da\u013c\u0113ji gu\u013cus st\u0101vokl\u012b. Charles st\u016bra d\u012bv\u0101ns nodro\u0161ina daudz vair\u0101k sabiedrisku vietu vair\u0101kiem cilv\u0113kiem nek\u0101 standarta d\u012bv\u0101ns.<\/span><\/p>\n<pre id=\"tw-target-text\" class=\"tw-data-text tw-text-large tw-ta\" dir=\"ltr\" data-placeholder=\"Translation\" data-ved=\"2ahUKEwjtnN-yovyJAxWEJxAIHcUxDHoQ3ewLegQICxAU\" aria-label=\"Translated text: Svars 88 kg Platums 270 cm Augstums 80 cm Dzi\u013cums 170 cm S\u0113dek\u013ca platums 218 cm S\u0113dek\u013ca augstums 44 cm S\u0113dek\u013ca dzi\u013cums 134 cm S\u0101nu augstums 56 cm Muguras augstums 43 cm K\u0101ju augstums 3,5\u00a0cm Sl\u0113d\u017ea vien\u012bbas\"><span class=\"Y2IQFc\" lang=\"lv\">Svars\r\n88 kg\r\nPlatums\r\n270 cm\r\nAugstums\r\n80 cm\r\nDzi\u013cums\r\n170 cm\r\nS\u0113dek\u013ca platums\r\n218 cm\r\nS\u0113dek\u013ca augstums\r\n44 cm\r\nS\u0113dek\u013ca dzi\u013cums\r\n134 cm\r\nS\u0101nu augstums\r\n56 cm\r\nMuguras augstums\r\n43 cm\r\nK\u0101ju augstums\r\n3,5\u00a0cm<\/span><\/pre>\n","protected":false},"excerpt":{"rendered":"<p>Charles st\u016bra d\u012bv\u0101ns, kreis\u0101s puses Kr\u0101sa: pel\u0113ki roz\u0101 Materi\u0101ls: tekstils Charles st\u016bra d\u012bv\u0101ns ir ide\u0101ls risin\u0101jums, ja v\u0113laties savai \u0123imenei un draugiem nodro\u0161in\u0101t atp\u016btu un relaks\u0101ciju. Mas\u012bva m\u0113bele ar br\u012bvi izvietotiem atzveltnes spilveniem, kas pild\u012bti ar silikona \u0161\u0137iedr\u0101m, garant\u0113 gan komfortu, gan labu atbalstu mugurai. Fiks\u0113tais s\u0113deklis ir izgatavots no \u013coti elast\u012bg\u0101m put\u0101m un pastiprin\u0101ts [&hellip;]<\/p>\n","protected":false},"featured_media":31481,"comment_status":"closed","ping_status":"closed","template":"","meta":{"inline_featured_image":false,"_uf_show_specific_survey":0,"_uf_disable_surveys":false},"product_brand":[],"product_cat":[130],"product_tag":[2129,2501,2133,343,2128],"class_list":{"0":"post-31480","1":"product","2":"type-product","3":"status-publish","4":"has-post-thumbnail","6":"product_cat-mebeles","7":"product_tag-ekskluzivs-divans","8":"product_tag-kreisa-stura-divans","9":"product_tag-ofisa-divans","10":"product_tag-stura-divans","11":"product_tag-viesistabas-divans","14":"first","15":"outofstock","16":"sale","17":"taxable","18":"shipping-taxable","19":"purchasable","20":"product-type-simple"},"_links":{"self":[{"href":"https:\/\/kraftlager.lv\/ru\/wp-json\/wp\/v2\/product\/31480","targetHints":{"allow":["GET"]}}],"collection":[{"href":"https:\/\/kraftlager.lv\/ru\/wp-json\/wp\/v2\/product"}],"about":[{"href":"https:\/\/kraftlager.lv\/ru\/wp-json\/wp\/v2\/types\/product"}],"replies":[{"embeddable":true,"href":"https:\/\/kraftlager.lv\/ru\/wp-json\/wp\/v2\/comments?post=31480"}],"wp:featuredmedia":[{"embeddable":true,"href":"https:\/\/kraftlager.lv\/ru\/wp-json\/wp\/v2\/media\/31481"}],"wp:attachment":[{"href":"https:\/\/kraftlager.lv\/ru\/wp-json\/wp\/v2\/media?parent=31480"}],"wp:term":[{"taxonomy":"product_brand","embeddable":true,"href":"https:\/\/kraftlager.lv\/ru\/wp-json\/wp\/v2\/product_brand?post=31480"},{"taxonomy":"product_cat","embeddable":true,"href":"https:\/\/kraftlager.lv\/ru\/wp-json\/wp\/v2\/product_cat?post=31480"},{"taxonomy":"product_tag","embeddable":true,"href":"https:\/\/kraftlager.lv\/ru\/wp-json\/wp\/v2\/product_tag?post=31480"}],"curies":[{"name":"wp","href":"https:\/\/api.w.org\/{rel}","templated":true}]}}