{"id":31486,"date":"2024-11-27T10:31:35","date_gmt":"2024-11-27T10:31:35","guid":{"rendered":"https:\/\/kraftlager.lv\/lv\/?post_type=product&#038;p=31486"},"modified":"2025-01-30T18:26:35","modified_gmt":"2025-01-30T18:26:35","slug":"lioni-3-viedigs-divans","status":"publish","type":"product","link":"https:\/\/kraftlager.lv\/ru\/products\/lioni-3-viedigs-divans\/","title":{"rendered":"Lioni 3 vied\u012bgs d\u012bv\u0101ns"},"content":{"rendered":"<h3>Lioni 3 vied\u012bgs d\u012bv\u0101ns<\/h3>\n<p>Kr\u0101sa: tum\u0161i sarkans<\/p>\n<p>Materi\u0101ls: vel\u016brs<\/p>\n<p id=\"tw-target-text\" class=\"tw-data-text tw-text-large tw-ta\" dir=\"ltr\" data-placeholder=\"Translation\" data-ved=\"2ahUKEwjtnN-yovyJAxWEJxAIHcUxDHoQ3ewLegQICxAU\" aria-label=\"Translated text: Dz\u012bvojam\u0101 istaba \u013coti bie\u017ei ir j\u016bsu m\u0101jas paraugs. \u0160eit m\u0113s pavad\u0101m liel\u0101ko da\u013cu sava laika un tiekamies ar \u0123imeni un draugiem. Izv\u0113loties d\u012bv\u0101nu dienas istabai, m\u0113s sev uzdodam daudz jaut\u0101jumu. Galu gal\u0101 liel\u0101k\u0101 da\u013ca no mums nolemj, ka m\u0113s vienk\u0101r\u0161i mekl\u0113jam stil\u012bgu un funkcion\u0101lu d\u012bv\u0101nu.\n\nLioni 3-viet\u012bgais d\u012bv\u0101ns lieliski ieder\u0113sies klasisk\u0101 un modern\u0101 stila telp\u0101s. Tas lieliski ieder\u0113sies ar\u012b skandin\u0101vu stila interjer\u0101. Tas ir \u013coti vienk\u0101r\u0161s sav\u0101 form\u0101 un ienes j\u016bsu istab\u0101 m\u0101j\u012bgu, m\u0101j\u012bgu atmosf\u0113ru. M\u0113s pied\u0101v\u0101jam \u0161o d\u012bv\u0101nu da\u017e\u0101dos audumos un pla\u0161\u0101 kr\u0101su gamm\u0101, lai nodro\u0161in\u0101tu, ka atrad\u012bsiet kaut ko savam interjeram. Lioni 3-viet\u012bgais d\u012bv\u0101ns apvieno klasisko stilu, eleganci un funkcionalit\u0101ti. Liela s\u0113dvieta, k\u0101 ar\u012b \u0113rta atzveltne un roku balsti sniedz komforta saj\u016btu un garant\u0113, ka neviens nev\u0113l\u0113sies iet prom no \u0161\u012b d\u012bv\u0101na.\"><span class=\"Y2IQFc\" lang=\"lv\">Dz\u012bvojam\u0101 istaba \u013coti bie\u017ei ir j\u016bsu m\u0101jas paraugs. \u0160eit m\u0113s pavad\u0101m liel\u0101ko da\u013cu sava laika un tiekamies ar \u0123imeni un draugiem. Izv\u0113loties d\u012bv\u0101nu dienas istabai, m\u0113s sev uzdodam daudz jaut\u0101jumu. Galu gal\u0101 liel\u0101k\u0101 da\u013ca no mums nolemj, ka m\u0113s vienk\u0101r\u0161i mekl\u0113jam stil\u012bgu un funkcion\u0101lu d\u012bv\u0101nu. Lioni 3-viet\u012bgais d\u012bv\u0101ns lieliski ieder\u0113sies klasisk\u0101 un modern\u0101 stila telp\u0101s. Tas lieliski ieder\u0113sies ar\u012b skandin\u0101vu stila interjer\u0101. Tas ir \u013coti vienk\u0101r\u0161s sav\u0101 form\u0101 un ienes j\u016bsu istab\u0101 m\u0101j\u012bgu, m\u0101j\u012bgu atmosf\u0113ru. M\u0113s pied\u0101v\u0101jam \u0161o d\u012bv\u0101nu da\u017e\u0101dos audumos un pla\u0161\u0101 kr\u0101su gamm\u0101, lai nodro\u0161in\u0101tu, ka atrad\u012bsiet kaut ko savam interjeram. Lioni 3-viet\u012bgais d\u012bv\u0101ns apvieno klasisko stilu, eleganci un funkcionalit\u0101ti. Liela s\u0113dvieta, k\u0101 ar\u012b \u0113rta atzveltne un roku balsti sniedz komforta saj\u016btu un garant\u0113, ka neviens nev\u0113l\u0113sies iet prom no \u0161\u012b d\u012bv\u0101na.<\/span><\/p>\n<pre id=\"tw-target-text\" class=\"tw-data-text tw-text-large tw-ta\" dir=\"ltr\" data-placeholder=\"Translation\" data-ved=\"2ahUKEwjtnN-yovyJAxWEJxAIHcUxDHoQ3ewLegQICxAU\" aria-label=\"Translated text: Svars\r\n49,5 kg\r\nPlatums\r\n200 cm\r\nAugstums\r\n84 cm\r\nDzi\u013cums\r\n94 cm\r\nS\u0113dek\u013ca platums\r\n178 cm\r\nS\u0113dek\u013ca augstums\r\n47 cm\r\nS\u0113dek\u013ca dzi\u013cums\r\n56 cm\r\nS\u0101nu augstums\r\n63 cm\r\nMuguras augstums\r\n39 cm\r\nK\u0101ju augstums\r\n18 cm\r\nSl\u0113d\u017ea vien\u012bbas\"><span class=\"Y2IQFc\" lang=\"lv\">Svars\r\n49,5 kg\r\nPlatums\r\n200 cm\r\nAugstums\r\n84 cm\r\nDzi\u013cums\r\n94 cm\r\nS\u0113dek\u013ca platums\r\n178 cm\r\nS\u0113dek\u013ca augstums\r\n47 cm\r\nS\u0113dek\u013ca dzi\u013cums\r\n56 cm\r\nS\u0101nu augstums\r\n63 cm\r\nMuguras augstums\r\n39 cm\r\nK\u0101ju augstums\r\n18 cm<\/span><\/pre>\n<p>&nbsp;<\/p>\n","protected":false},"excerpt":{"rendered":"<p>Lioni 3 vied\u012bgs d\u012bv\u0101ns Kr\u0101sa: tum\u0161i sarkans Materi\u0101ls: vel\u016brs Dz\u012bvojam\u0101 istaba \u013coti bie\u017ei ir j\u016bsu m\u0101jas paraugs. \u0160eit m\u0113s pavad\u0101m liel\u0101ko da\u013cu sava laika un tiekamies ar \u0123imeni un draugiem. Izv\u0113loties d\u012bv\u0101nu dienas istabai, m\u0113s sev uzdodam daudz jaut\u0101jumu. Galu gal\u0101 liel\u0101k\u0101 da\u013ca no mums nolemj, ka m\u0113s vienk\u0101r\u0161i mekl\u0113jam stil\u012bgu un funkcion\u0101lu d\u012bv\u0101nu. Lioni [&hellip;]<\/p>\n","protected":false},"featured_media":31490,"comment_status":"closed","ping_status":"closed","template":"","meta":{"inline_featured_image":false,"_uf_show_specific_survey":0,"_uf_disable_surveys":false},"product_brand":[],"product_cat":[130],"product_tag":[2178,967,681,2504,2179,2169,1950,2129,2133,2139,2503,342,343,2502,2128],"class_list":{"0":"post-31486","1":"product","2":"type-product","3":"status-publish","4":"has-post-thumbnail","6":"product_cat-mebeles","7":"product_tag-akcijas-divans","8":"product_tag-atputas-divans","9":"product_tag-atputas-sofa","10":"product_tag-cheap-sofa","11":"product_tag-divans-ar-atlaidi","12":"product_tag-divvietigs-divans","13":"product_tag-dizaina-divans","14":"product_tag-ekskluzivs-divans","15":"product_tag-ofisa-divans","16":"product_tag-ofisa-sofa","17":"product_tag-sofa-discount","18":"product_tag-sofa","19":"product_tag-stura-divans","20":"product_tag-trisvietigs-divans","21":"product_tag-viesistabas-divans","24":"first","25":"outofstock","26":"sale","27":"taxable","28":"shipping-taxable","29":"purchasable","30":"product-type-simple"},"_links":{"self":[{"href":"https:\/\/kraftlager.lv\/ru\/wp-json\/wp\/v2\/product\/31486","targetHints":{"allow":["GET"]}}],"collection":[{"href":"https:\/\/kraftlager.lv\/ru\/wp-json\/wp\/v2\/product"}],"about":[{"href":"https:\/\/kraftlager.lv\/ru\/wp-json\/wp\/v2\/types\/product"}],"replies":[{"embeddable":true,"href":"https:\/\/kraftlager.lv\/ru\/wp-json\/wp\/v2\/comments?post=31486"}],"wp:featuredmedia":[{"embeddable":true,"href":"https:\/\/kraftlager.lv\/ru\/wp-json\/wp\/v2\/media\/31490"}],"wp:attachment":[{"href":"https:\/\/kraftlager.lv\/ru\/wp-json\/wp\/v2\/media?parent=31486"}],"wp:term":[{"taxonomy":"product_brand","embeddable":true,"href":"https:\/\/kraftlager.lv\/ru\/wp-json\/wp\/v2\/product_brand?post=31486"},{"taxonomy":"product_cat","embeddable":true,"href":"https:\/\/kraftlager.lv\/ru\/wp-json\/wp\/v2\/product_cat?post=31486"},{"taxonomy":"product_tag","embeddable":true,"href":"https:\/\/kraftlager.lv\/ru\/wp-json\/wp\/v2\/product_tag?post=31486"}],"curies":[{"name":"wp","href":"https:\/\/api.w.org\/{rel}","templated":true}]}}