{"id":31498,"date":"2024-11-27T10:45:16","date_gmt":"2024-11-27T10:45:16","guid":{"rendered":"https:\/\/kraftlager.lv\/lv\/?post_type=product&#038;p=31498"},"modified":"2025-01-08T13:26:36","modified_gmt":"2025-01-08T13:26:36","slug":"chesterfield-modern-25-vietigs-divans-ar-pufu","status":"publish","type":"product","link":"https:\/\/kraftlager.lv\/ru\/products\/chesterfield-modern-25-vietigs-divans-ar-pufu\/","title":{"rendered":"Chesterfield modern 2,5 viet\u012bgs d\u012bv\u0101ns ar pufu"},"content":{"rendered":"<h3>Chesterfield modern 2,5 viet\u012bgs d\u012bv\u0101ns ar pufu<\/h3>\n<p>Kr\u0101sa: za\u013cganbr\u016bns<\/p>\n<p>Materi\u0101ls: eko \u0101da<\/p>\n<p id=\"tw-target-text\" class=\"tw-data-text tw-text-large tw-ta\" dir=\"ltr\" data-placeholder=\"Translation\" data-ved=\"2ahUKEwjtnN-yovyJAxWEJxAIHcUxDHoQ3ewLegQICxAU\" aria-label=\"Translated text: Chesterfield Modern 2-viet\u012bgais d\u012bv\u0101ns ir ilgi gaid\u012bta m\u0113bele. M\u0113s to izveidoj\u0101m jums un esam p\u0101rliecin\u0101ti, ka tas attaisnos ikviena cer\u012bbas. Tas ir unik\u0101ls ne tikai tad, ja runa ir par formu un formu. Tas galvenok\u0101rt apvieno klasisko un retro stilu ar daudzpus\u012bbu. Tas lieliski ieder\u0113sies jebkur\u0101 interjer\u0101. Pieejams da\u017e\u0101dos audumos un kr\u0101s\u0101s, kas atbilst j\u016bsu stilam un interjeram \u2013 no eleganta l\u012bdz mier\u012bg\u0101kam izskatam. M\u012bkstie s\u0113dek\u013cu spilveni ir pild\u012bti ar elast\u012bg\u0101m put\u0101m. Atzveltne ir dekor\u0113ta ar stil\u012bgu vat\u0113jumu, kas smalki stiepjas l\u012bdz \u0161auriem, \u0113rtiem roku balstiem. Ja j\u016bs joproj\u0101m dom\u0101jat, kura m\u0113bele \u013caus jums izveidot savu sap\u0146u komforta zonu, tad jums vairs nav j\u0101mekl\u0113 atbilde \u2013 vienk\u0101r\u0161i ejiet un ieg\u0101d\u0101jieties Chesterfield Modern 2-viet\u012bgo d\u012bv\u0101nu. P\u0113c tam pievienojiet \u0113rtu atzveltnes kr\u0113slu no t\u0101s pa\u0161as l\u012bnijas vai tr\u012bsviet\u012bgu d\u012bv\u0101nu, ja jums ir vair\u0101k vietas. P\u0113c tam j\u016bsu viesistaba b\u016bs unik\u0101la, un j\u016bsu \u0123imene pateiksies jums par katru mirkli, ko vi\u0146i pavad\u012bs uz \u0161\u012b d\u012bv\u0101na.\"><span class=\"Y2IQFc\" lang=\"lv\">Chesterfield Modern 2,5-viet\u012bgais d\u012bv\u0101ns ir ilgi gaid\u012bta m\u0113bele. M\u0113s to izveidoj\u0101m jums un esam p\u0101rliecin\u0101ti, ka tas attaisnos ikviena cer\u012bbas. Tas ir unik\u0101ls ne tikai tad, ja runa ir par formu un formu. Tas galvenok\u0101rt apvieno klasisko un retro stilu ar daudzpus\u012bbu. Tas lieliski ieder\u0113sies jebkur\u0101 interjer\u0101. Pieejams da\u017e\u0101dos audumos un kr\u0101s\u0101s, kas atbilst j\u016bsu stilam un interjeram \u2013 no eleganta l\u012bdz mier\u012bg\u0101kam izskatam. M\u012bkstie s\u0113dek\u013cu spilveni ir pild\u012bti ar elast\u012bg\u0101m put\u0101m. Atzveltne ir dekor\u0113ta ar stil\u012bgu vat\u0113jumu, kas smalki stiepjas l\u012bdz \u0161auriem, \u0113rtiem roku balstiem. Ja j\u016bs joproj\u0101m dom\u0101jat, kura m\u0113bele \u013caus jums izveidot savu sap\u0146u komforta zonu, tad jums vairs nav j\u0101mekl\u0113 atbilde \u2013 vienk\u0101r\u0161i ejiet un ieg\u0101d\u0101jieties Chesterfield Modern 2,5-viet\u012bgo d\u012bv\u0101nu. P\u0113c tam pievienojiet \u0113rtu atzveltnes kr\u0113slu no t\u0101s pa\u0161as l\u012bnijas vai tr\u012bsviet\u012bgu d\u012bv\u0101nu, ja jums ir vair\u0101k vietas. P\u0113c tam j\u016bsu viesistaba b\u016bs unik\u0101la, un j\u016bsu \u0123imene pateiksies jums par katru mirkli, ko vi\u0146i pavad\u012bs uz \u0161\u012b d\u012bv\u0101na.<\/span><\/p>\n<p dir=\"ltr\" data-placeholder=\"Translation\" data-ved=\"2ahUKEwjtnN-yovyJAxWEJxAIHcUxDHoQ3ewLegQICxAU\" aria-label=\"Translated text: Chesterfield Modern 2-viet\u012bgais d\u012bv\u0101ns ir ilgi gaid\u012bta m\u0113bele. M\u0113s to izveidoj\u0101m jums un esam p\u0101rliecin\u0101ti, ka tas attaisnos ikviena cer\u012bbas. Tas ir unik\u0101ls ne tikai tad, ja runa ir par formu un formu. Tas galvenok\u0101rt apvieno klasisko un retro stilu ar daudzpus\u012bbu. Tas lieliski ieder\u0113sies jebkur\u0101 interjer\u0101. Pieejams da\u017e\u0101dos audumos un kr\u0101s\u0101s, kas atbilst j\u016bsu stilam un interjeram \u2013 no eleganta l\u012bdz mier\u012bg\u0101kam izskatam. M\u012bkstie s\u0113dek\u013cu spilveni ir pild\u012bti ar elast\u012bg\u0101m put\u0101m. Atzveltne ir dekor\u0113ta ar stil\u012bgu vat\u0113jumu, kas smalki stiepjas l\u012bdz \u0161auriem, \u0113rtiem roku balstiem. Ja j\u016bs joproj\u0101m dom\u0101jat, kura m\u0113bele \u013caus jums izveidot savu sap\u0146u komforta zonu, tad jums vairs nav j\u0101mekl\u0113 atbilde \u2013 vienk\u0101r\u0161i ejiet un ieg\u0101d\u0101jieties Chesterfield Modern 2-viet\u012bgo d\u012bv\u0101nu. P\u0113c tam pievienojiet \u0113rtu atzveltnes kr\u0113slu no t\u0101s pa\u0161as l\u012bnijas vai tr\u012bsviet\u012bgu d\u012bv\u0101nu, ja jums ir vair\u0101k vietas. P\u0113c tam j\u016bsu viesistaba b\u016bs unik\u0101la, un j\u016bsu \u0123imene pateiksies jums par katru mirkli, ko vi\u0146i pavad\u012bs uz \u0161\u012b d\u012bv\u0101na.\">\n","protected":false},"excerpt":{"rendered":"<p>Chesterfield modern 2,5 viet\u012bgs d\u012bv\u0101ns ar pufu Kr\u0101sa: za\u013cganbr\u016bns Materi\u0101ls: eko \u0101da Chesterfield Modern 2,5-viet\u012bgais d\u012bv\u0101ns ir ilgi gaid\u012bta m\u0113bele. M\u0113s to izveidoj\u0101m jums un esam p\u0101rliecin\u0101ti, ka tas attaisnos ikviena cer\u012bbas. Tas ir unik\u0101ls ne tikai tad, ja runa ir par formu un formu. Tas galvenok\u0101rt apvieno klasisko un retro stilu ar daudzpus\u012bbu. Tas [&hellip;]<\/p>\n","protected":false},"featured_media":31500,"comment_status":"closed","ping_status":"closed","template":"","meta":{"inline_featured_image":false,"_uf_show_specific_survey":0,"_uf_disable_surveys":false},"product_brand":[],"product_cat":[130],"product_tag":[2178,967,681,2504,2179,2505,2169,1950,2129,2133,2139,2503,342,343,2502,2128,2506],"class_list":{"0":"post-31498","1":"product","2":"type-product","3":"status-publish","4":"has-post-thumbnail","6":"product_cat-mebeles","7":"product_tag-akcijas-divans","8":"product_tag-atputas-divans","9":"product_tag-atputas-sofa","10":"product_tag-cheap-sofa","11":"product_tag-divans-ar-atlaidi","12":"product_tag-divans-ar-pufu","13":"product_tag-divvietigs-divans","14":"product_tag-dizaina-divans","15":"product_tag-ekskluzivs-divans","16":"product_tag-ofisa-divans","17":"product_tag-ofisa-sofa","18":"product_tag-sofa-discount","19":"product_tag-sofa","20":"product_tag-stura-divans","21":"product_tag-trisvietigs-divans","22":"product_tag-viesistabas-divans","23":"product_tag-viesistabas-divanu-komplekts","26":"first","27":"outofstock","28":"sale","29":"taxable","30":"shipping-taxable","31":"purchasable","32":"product-type-simple"},"_links":{"self":[{"href":"https:\/\/kraftlager.lv\/ru\/wp-json\/wp\/v2\/product\/31498","targetHints":{"allow":["GET"]}}],"collection":[{"href":"https:\/\/kraftlager.lv\/ru\/wp-json\/wp\/v2\/product"}],"about":[{"href":"https:\/\/kraftlager.lv\/ru\/wp-json\/wp\/v2\/types\/product"}],"replies":[{"embeddable":true,"href":"https:\/\/kraftlager.lv\/ru\/wp-json\/wp\/v2\/comments?post=31498"}],"wp:featuredmedia":[{"embeddable":true,"href":"https:\/\/kraftlager.lv\/ru\/wp-json\/wp\/v2\/media\/31500"}],"wp:attachment":[{"href":"https:\/\/kraftlager.lv\/ru\/wp-json\/wp\/v2\/media?parent=31498"}],"wp:term":[{"taxonomy":"product_brand","embeddable":true,"href":"https:\/\/kraftlager.lv\/ru\/wp-json\/wp\/v2\/product_brand?post=31498"},{"taxonomy":"product_cat","embeddable":true,"href":"https:\/\/kraftlager.lv\/ru\/wp-json\/wp\/v2\/product_cat?post=31498"},{"taxonomy":"product_tag","embeddable":true,"href":"https:\/\/kraftlager.lv\/ru\/wp-json\/wp\/v2\/product_tag?post=31498"}],"curies":[{"name":"wp","href":"https:\/\/api.w.org\/{rel}","templated":true}]}}