{"id":31509,"date":"2024-11-27T11:16:31","date_gmt":"2024-11-27T11:16:31","guid":{"rendered":"https:\/\/kraftlager.lv\/lv\/?post_type=product&#038;p=31509"},"modified":"2025-03-15T12:34:15","modified_gmt":"2025-03-15T12:34:15","slug":"ducon-wingback-atputas-kresls","status":"publish","type":"product","link":"https:\/\/kraftlager.lv\/ru\/products\/ducon-wingback-atputas-kresls\/","title":{"rendered":"Ducon Wingback atp\u016btas kr\u0113sls"},"content":{"rendered":"<h3>Ducon Wingback atp\u016btas kr\u0113sls<\/h3>\n<p>Kr\u0101sa: pel\u0113ks<\/p>\n<p>Materi\u0101ls: tekstils<\/p>\n<p id=\"tw-target-text\" class=\"tw-data-text tw-text-large tw-ta\" dir=\"ltr\" data-placeholder=\"Translation\" data-ved=\"2ahUKEwjtnN-yovyJAxWEJxAIHcUxDHoQ3ewLegQICxAU\" aria-label=\"Translated text: P\u0113c smagas darba dienas ir lieliski iegrimt \u0113rt\u0101 kr\u0113sl\u0101 un vienk\u0101r\u0161i atp\u016bsties. Ducon sp\u0101rnotais kr\u0113sls padar\u012bs j\u016bsu vakarus par patiesu baud\u012bjumu un nodro\u0161in\u0101s augstu komforta l\u012bmeni. Apvienojot est\u0113tisk\u0101s \u012bpa\u0161\u012bbas un klasisko stilu, tas lieliski izskat\u012bsies jebkur\u0101 interjer\u0101 un pie\u0161\u0137irs tam unik\u0101lu raksturu\"><span class=\"Y2IQFc\" lang=\"lv\">P\u0113c smagas darba dienas ir lieliski iegrimt \u0113rt\u0101 kr\u0113sl\u0101 un vienk\u0101r\u0161i atp\u016bsties. Ducon sp\u0101rnotais kr\u0113sls padar\u012bs j\u016bsu vakarus par patiesu baud\u012bjumu un nodro\u0161in\u0101s augstu komforta l\u012bmeni. Apvienojot est\u0113tisk\u0101s \u012bpa\u0161\u012bbas un klasisko stilu, tas lieliski izskat\u012bsies jebkur\u0101 interjer\u0101 un pie\u0161\u0137irs tam unik\u0101lu raksturu.<\/span><\/p>\n<pre id=\"tw-target-text\" class=\"tw-data-text tw-text-large tw-ta\" dir=\"ltr\" data-placeholder=\"Translation\" data-ved=\"2ahUKEwjtnN-yovyJAxWEJxAIHcUxDHoQ3ewLegQICxAU\" aria-label=\"Translated text: Svars\r\n13,5 kg\r\nPlatums\r\n77 cm\r\nAugstums\r\n88 cm\r\nDzi\u013cums\r\n86 cm\r\nS\u0113dek\u013ca augstums\r\n41 cm\r\nS\u0101nu augstums\r\n58 cm\r\nK\u0101ju augstums\r\n33 cm\r\nSl\u0113d\u017ea vien\u012bbas\"><span class=\"Y2IQFc\" lang=\"lv\">Svars\r\n13,5 kg\r\nPlatums\r\n77 cm\r\nAugstums\r\n88 cm\r\nDzi\u013cums\r\n86 cm\r\nS\u0113dek\u013ca augstums\r\n41 cm\r\nS\u0101nu augstums\r\n58 cm\r\nK\u0101ju augstums\r\n33 cm<\/span><\/pre>\n","protected":false},"excerpt":{"rendered":"<p>Ducon Wingback atp\u016btas kr\u0113sls Kr\u0101sa: pel\u0113ks Materi\u0101ls: tekstils P\u0113c smagas darba dienas ir lieliski iegrimt \u0113rt\u0101 kr\u0113sl\u0101 un vienk\u0101r\u0161i atp\u016bsties. Ducon sp\u0101rnotais kr\u0113sls padar\u012bs j\u016bsu vakarus par patiesu baud\u012bjumu un nodro\u0161in\u0101s augstu komforta l\u012bmeni. Apvienojot est\u0113tisk\u0101s \u012bpa\u0161\u012bbas un klasisko stilu, tas lieliski izskat\u012bsies jebkur\u0101 interjer\u0101 un pie\u0161\u0137irs tam unik\u0101lu raksturu. Svars 13,5 kg Platums 77 [&hellip;]<\/p>\n","protected":false},"featured_media":31510,"comment_status":"closed","ping_status":"closed","template":"","meta":{"inline_featured_image":false,"_uf_show_specific_survey":0,"_uf_disable_surveys":false},"product_brand":[],"product_cat":[130],"product_tag":[345,2507,2508,506,576],"class_list":{"0":"post-31509","1":"product","2":"type-product","3":"status-publish","4":"has-post-thumbnail","6":"product_cat-mebeles","7":"product_tag-atputas-kresls","8":"product_tag-dizaina-krels","9":"product_tag-kresls-dekors","10":"product_tag-ofisa-kresls","11":"product_tag-viesistabas-kresls","14":"first","15":"outofstock","16":"sale","17":"taxable","18":"shipping-taxable","19":"purchasable","20":"product-type-simple"},"_links":{"self":[{"href":"https:\/\/kraftlager.lv\/ru\/wp-json\/wp\/v2\/product\/31509","targetHints":{"allow":["GET"]}}],"collection":[{"href":"https:\/\/kraftlager.lv\/ru\/wp-json\/wp\/v2\/product"}],"about":[{"href":"https:\/\/kraftlager.lv\/ru\/wp-json\/wp\/v2\/types\/product"}],"replies":[{"embeddable":true,"href":"https:\/\/kraftlager.lv\/ru\/wp-json\/wp\/v2\/comments?post=31509"}],"wp:featuredmedia":[{"embeddable":true,"href":"https:\/\/kraftlager.lv\/ru\/wp-json\/wp\/v2\/media\/31510"}],"wp:attachment":[{"href":"https:\/\/kraftlager.lv\/ru\/wp-json\/wp\/v2\/media?parent=31509"}],"wp:term":[{"taxonomy":"product_brand","embeddable":true,"href":"https:\/\/kraftlager.lv\/ru\/wp-json\/wp\/v2\/product_brand?post=31509"},{"taxonomy":"product_cat","embeddable":true,"href":"https:\/\/kraftlager.lv\/ru\/wp-json\/wp\/v2\/product_cat?post=31509"},{"taxonomy":"product_tag","embeddable":true,"href":"https:\/\/kraftlager.lv\/ru\/wp-json\/wp\/v2\/product_tag?post=31509"}],"curies":[{"name":"wp","href":"https:\/\/api.w.org\/{rel}","templated":true}]}}