{"id":31515,"date":"2024-11-27T11:21:29","date_gmt":"2024-11-27T11:21:29","guid":{"rendered":"https:\/\/kraftlager.lv\/lv\/?post_type=product&#038;p=31515"},"modified":"2025-01-20T09:01:30","modified_gmt":"2025-01-20T09:01:30","slug":"ducon-velvet-wingback-atputas-kresls","status":"publish","type":"product","link":"https:\/\/kraftlager.lv\/ru\/products\/ducon-velvet-wingback-atputas-kresls\/","title":{"rendered":"Ducon Velvet Wingback atp\u016btas kr\u0113sls"},"content":{"rendered":"<h3>Ducon Velvet Wingback atp\u016btas kr\u0113sls<\/h3>\n<p>Kr\u0101sa: sudrabs<\/p>\n<p>Materi\u0101ls: vel\u016brs<\/p>\n<p id=\"tw-target-text\" class=\"tw-data-text tw-text-large tw-ta\" dir=\"ltr\" data-placeholder=\"Translation\" data-ved=\"2ahUKEwjtnN-yovyJAxWEJxAIHcUxDHoQ3ewLegQICxAU\" aria-label=\"Translated text: Ducon Wingback kr\u0113sls ir b\u016btiska m\u0113bele katr\u0101 m\u0101j\u0101. Ja m\u0101j\u0101s pieejam\u0101 telpa \u013cauj izveidot komforta zonu, kur centr\u0101 ir atzveltnes kr\u0113sls, nedom\u0101jiet p\u0101r\u0101k ilgi un ieg\u0101d\u0101jieties Ducon kr\u0113slu ar samta \u0161uv\u0113m. \u0160is modelis ir ne tikai unik\u0101ls sav\u0101 form\u0101, bet ar\u012b daudz citu funkciju, kur\u0101m vajadz\u0113tu p\u0101rliecin\u0101t j\u016bs to ieg\u016bt.\n\nTas ir izgatavots no augst\u0101k\u0101s kvalit\u0101tes materi\u0101liem. R\u0101mis ir izgatavots no stipra di\u017esk\u0101bar\u017ea koka. S\u0113deklis un atzveltne ir pild\u012bti ar elast\u012bg\u0101m put\u0101m, kas garant\u0113, ka lieto\u0161anas komforts ir patie\u0161\u0101m augsts. Atzveltnes kr\u0113sls ir apvilkts ar stil\u012bgu audumu, kuru ir viegli uztur\u0113t t\u012bru un, galvenais, tas lieliski pasv\u012btro \u0161\u012bs m\u0113beles raksturu. J\u0101piemin ar\u012b \u0161uves, kas rot\u0101 \u0161o modeli.\n\nIzv\u0113lieties atzveltnes kr\u0113slu, kas rad\u012bs skaistu komforta zonu jums un j\u016bsu m\u012b\u013cajiem. Tas rad\u012bs siltu un m\u0101j\u012bgu atmosf\u0113ru j\u016bsu istab\u0101, k\u0101 ar\u012b nodro\u0161in\u0101s, ka j\u016bs varat \u0113rti atp\u016bsties p\u0113c garas darba dienas.\"><span class=\"Y2IQFc\" lang=\"lv\">Ducon Wingback kr\u0113sls ir b\u016btiska m\u0113bele katr\u0101 m\u0101j\u0101. Ja m\u0101j\u0101s pieejam\u0101 telpa \u013cauj izveidot komforta zonu, kur centr\u0101 ir atzveltnes kr\u0113sls, nedom\u0101jiet p\u0101r\u0101k ilgi un ieg\u0101d\u0101jieties Ducon kr\u0113slu ar samta \u0161uv\u0113m. \u0160is modelis ir ne tikai unik\u0101ls sav\u0101 form\u0101, bet ar\u012b daudz citu funkciju, kur\u0101m vajadz\u0113tu p\u0101rliecin\u0101t j\u016bs to ieg\u016bt. Tas ir izgatavots no augst\u0101k\u0101s kvalit\u0101tes materi\u0101liem. R\u0101mis ir izgatavots no stipra di\u017esk\u0101bar\u017ea koka. S\u0113deklis un atzveltne ir pild\u012bti ar elast\u012bg\u0101m put\u0101m, kas garant\u0113, ka lieto\u0161anas komforts ir patie\u0161\u0101m augsts. Atzveltnes kr\u0113sls ir apvilkts ar stil\u012bgu audumu, kuru ir viegli uztur\u0113t t\u012bru un, galvenais, tas lieliski pasv\u012btro \u0161\u012bs m\u0113beles raksturu. J\u0101piemin ar\u012b \u0161uves, kas rot\u0101 \u0161o modeli. Izv\u0113lieties atzveltnes kr\u0113slu, kas rad\u012bs skaistu komforta zonu jums un j\u016bsu m\u012b\u013cajiem. Tas rad\u012bs siltu un m\u0101j\u012bgu atmosf\u0113ru j\u016bsu istab\u0101, k\u0101 ar\u012b nodro\u0161in\u0101s, ka j\u016bs varat \u0113rti atp\u016bsties p\u0113c garas darba dienas.<\/span><\/p>\n<pre id=\"tw-target-text\" class=\"tw-data-text tw-text-large tw-ta\" dir=\"ltr\" data-placeholder=\"Translation\" data-ved=\"2ahUKEwjtnN-yovyJAxWEJxAIHcUxDHoQ3ewLegQICxAU\" aria-label=\"Translated text: Svars\r\n13,5 kg\r\nPlatums\r\n72 cm\r\nAugstums\r\n91 cm\r\nDzi\u013cums\r\n86 cm\r\nS\u0113dek\u013ca platums\r\n42 cm\r\nS\u0113dek\u013ca augstums\r\n41 cm\r\nS\u0113dek\u013ca dzi\u013cums\r\n50 cm\r\nS\u0101nu augstums\r\n58 cm\r\nMuguras augstums\r\n58 cm\r\nK\u0101ju augstums\r\n33 cm\"><span class=\"Y2IQFc\" lang=\"lv\">Svars\r\n13,5 kg\r\nPlatums\r\n72 cm\r\nAugstums\r\n91 cm\r\nDzi\u013cums\r\n86 cm\r\nS\u0113dek\u013ca platums\r\n42 cm\r\nS\u0113dek\u013ca augstums\r\n41 cm\r\nS\u0113dek\u013ca dzi\u013cums\r\n50 cm\r\nS\u0101nu augstums\r\n58 cm\r\nMuguras augstums\r\n58 cm\r\nK\u0101ju augstums\r\n33 cm<\/span><\/pre>\n<p>&nbsp;<\/p>\n","protected":false},"excerpt":{"rendered":"<p>Ducon Velvet Wingback atp\u016btas kr\u0113sls Kr\u0101sa: sudrabs Materi\u0101ls: vel\u016brs Ducon Wingback kr\u0113sls ir b\u016btiska m\u0113bele katr\u0101 m\u0101j\u0101. Ja m\u0101j\u0101s pieejam\u0101 telpa \u013cauj izveidot komforta zonu, kur centr\u0101 ir atzveltnes kr\u0113sls, nedom\u0101jiet p\u0101r\u0101k ilgi un ieg\u0101d\u0101jieties Ducon kr\u0113slu ar samta \u0161uv\u0113m. \u0160is modelis ir ne tikai unik\u0101ls sav\u0101 form\u0101, bet ar\u012b daudz citu funkciju, kur\u0101m vajadz\u0113tu [&hellip;]<\/p>\n","protected":false},"featured_media":31516,"comment_status":"closed","ping_status":"closed","template":"","meta":{"inline_featured_image":false,"_uf_show_specific_survey":0,"_uf_disable_surveys":false},"product_brand":[],"product_cat":[130],"product_tag":[345,2507,2508,506,576],"class_list":{"0":"post-31515","1":"product","2":"type-product","3":"status-publish","4":"has-post-thumbnail","6":"product_cat-mebeles","7":"product_tag-atputas-kresls","8":"product_tag-dizaina-krels","9":"product_tag-kresls-dekors","10":"product_tag-ofisa-kresls","11":"product_tag-viesistabas-kresls","14":"first","15":"outofstock","16":"sale","17":"taxable","18":"shipping-taxable","19":"purchasable","20":"product-type-simple"},"_links":{"self":[{"href":"https:\/\/kraftlager.lv\/ru\/wp-json\/wp\/v2\/product\/31515","targetHints":{"allow":["GET"]}}],"collection":[{"href":"https:\/\/kraftlager.lv\/ru\/wp-json\/wp\/v2\/product"}],"about":[{"href":"https:\/\/kraftlager.lv\/ru\/wp-json\/wp\/v2\/types\/product"}],"replies":[{"embeddable":true,"href":"https:\/\/kraftlager.lv\/ru\/wp-json\/wp\/v2\/comments?post=31515"}],"wp:featuredmedia":[{"embeddable":true,"href":"https:\/\/kraftlager.lv\/ru\/wp-json\/wp\/v2\/media\/31516"}],"wp:attachment":[{"href":"https:\/\/kraftlager.lv\/ru\/wp-json\/wp\/v2\/media?parent=31515"}],"wp:term":[{"taxonomy":"product_brand","embeddable":true,"href":"https:\/\/kraftlager.lv\/ru\/wp-json\/wp\/v2\/product_brand?post=31515"},{"taxonomy":"product_cat","embeddable":true,"href":"https:\/\/kraftlager.lv\/ru\/wp-json\/wp\/v2\/product_cat?post=31515"},{"taxonomy":"product_tag","embeddable":true,"href":"https:\/\/kraftlager.lv\/ru\/wp-json\/wp\/v2\/product_tag?post=31515"}],"curies":[{"name":"wp","href":"https:\/\/api.w.org\/{rel}","templated":true}]}}