{"id":31530,"date":"2024-11-27T12:20:00","date_gmt":"2024-11-27T12:20:00","guid":{"rendered":"https:\/\/kraftlager.lv\/lv\/?post_type=product&#038;p=31530"},"modified":"2025-02-24T15:55:18","modified_gmt":"2025-02-24T15:55:18","slug":"ludo-kaju-paliktnis-ar-uzglabasanas-kasti","status":"publish","type":"product","link":"https:\/\/kraftlager.lv\/ru\/products\/ludo-kaju-paliktnis-ar-uzglabasanas-kasti\/","title":{"rendered":"Ludo k\u0101ju paliktnis ar uzglab\u0101\u0161anas kasti"},"content":{"rendered":"<p>Ludo k\u0101ju paliktnis ar uzglab\u0101\u0161anas kasti<\/p>\n<p>Kr\u0101sa: pel\u0113ks\/roz\u0101<\/p>\n<p>Materi\u0101ls: tekstils<\/p>\n<p id=\"tw-target-text\" class=\"tw-data-text tw-text-large tw-ta\" dir=\"ltr\" data-placeholder=\"Translation\" data-ved=\"2ahUKEwjUv7XDvvyJAxUtUlUIHWg_DawQ3ewLegQICxAU\" aria-label=\"Translated text: Ludo pufs ir \u012bsts m\u012b\u013c\u0101kais m\u016bsu veikal\u0101. \u0160is lielais pufs ar glab\u0101tuvi ir ide\u0101ls risin\u0101jums cilv\u0113kiem, kuri nov\u0113rt\u0113 komfortu, modernu dizainu un funkcionalit\u0101ti. \u0160\u012b m\u0113bele apvieno visus \u0161os elementus, sniedzot jums daudz iesp\u0113ju izveidot m\u0101j\u012bgu un \u0113rtu dz\u012bvojamo vai viesu istabu. Ludo lielais skandin\u0101vu pufs ar glab\u0101tuvi gultasve\u013cai vai citiem priek\u0161metiem ir apvilkts ar pat\u012bkamu piesk\u0101rienu audumu. To ir viegli uztur\u0113t t\u012bru, un tas ir pieejams vair\u0101k\u0101s kr\u0101su opcij\u0101s. M\u012bkstais s\u0113deklis garant\u0113 komfortu. Ludo m\u0113be\u013cu l\u012bnija ir pavisam jauna l\u012bnija m\u016bsu veikal\u0101. M\u0113beles ir funkcion\u0101las, elegantas un \u2013 galvenais \u2013 \u0113rtas. Skandin\u0101vu dizains labi darbosies jebkur\u0101 viet\u0101 un \u013caus izveidot skaistu telpu.\"><span class=\"Y2IQFc\" lang=\"lv\">Ludo pufs ir \u012bsts m\u012b\u013c\u0101kais m\u016bsu veikal\u0101. \u0160is lielais pufs ar glab\u0101tuvi ir ide\u0101ls risin\u0101jums cilv\u0113kiem, kuri nov\u0113rt\u0113 komfortu, modernu dizainu un funkcionalit\u0101ti. \u0160\u012b m\u0113bele apvieno visus \u0161os elementus, sniedzot jums daudz iesp\u0113ju izveidot m\u0101j\u012bgu un \u0113rtu dz\u012bvojamo vai viesu istabu. <\/span><\/p>\n<p class=\"tw-data-text tw-text-large tw-ta\" dir=\"ltr\" data-placeholder=\"Translation\" data-ved=\"2ahUKEwjUv7XDvvyJAxUtUlUIHWg_DawQ3ewLegQICxAU\" aria-label=\"Translated text: Ludo pufs ir \u012bsts m\u012b\u013c\u0101kais m\u016bsu veikal\u0101. \u0160is lielais pufs ar glab\u0101tuvi ir ide\u0101ls risin\u0101jums cilv\u0113kiem, kuri nov\u0113rt\u0113 komfortu, modernu dizainu un funkcionalit\u0101ti. \u0160\u012b m\u0113bele apvieno visus \u0161os elementus, sniedzot jums daudz iesp\u0113ju izveidot m\u0101j\u012bgu un \u0113rtu dz\u012bvojamo vai viesu istabu. Ludo lielais skandin\u0101vu pufs ar glab\u0101tuvi gultasve\u013cai vai citiem priek\u0161metiem ir apvilkts ar pat\u012bkamu piesk\u0101rienu audumu. To ir viegli uztur\u0113t t\u012bru, un tas ir pieejams vair\u0101k\u0101s kr\u0101su opcij\u0101s. M\u012bkstais s\u0113deklis garant\u0113 komfortu. Ludo m\u0113be\u013cu l\u012bnija ir pavisam jauna l\u012bnija m\u016bsu veikal\u0101. M\u0113beles ir funkcion\u0101las, elegantas un \u2013 galvenais \u2013 \u0113rtas. Skandin\u0101vu dizains labi darbosies jebkur\u0101 viet\u0101 un \u013caus izveidot skaistu telpu.\"><span class=\"Y2IQFc\" lang=\"lv\">Ludo lielais skandin\u0101vu pufs ar glab\u0101tuvi gultasve\u013cai vai citiem priek\u0161metiem ir apvilkts ar pat\u012bkamu piesk\u0101rienu audumu. To ir viegli uztur\u0113t t\u012bru, un tas ir pieejams vair\u0101k\u0101s kr\u0101su opcij\u0101s. M\u012bkstais s\u0113deklis garant\u0113 komfortu.\u00a0<\/span><\/p>\n<pre id=\"tw-target-text\" class=\"tw-data-text tw-text-large tw-ta\" dir=\"ltr\" data-placeholder=\"Translation\" data-ved=\"2ahUKEwjUv7XDvvyJAxUtUlUIHWg_DawQ3ewLegQICxAU\" aria-label=\"Translated text: Svars 11 kg Platums 137 cm Augstums 42 cm Dzi\u013cums 69 cm S\u0113dek\u013ca platums 137 cm S\u0113dek\u013ca augstums 42 cm S\u0113dek\u013ca dzi\u013cums 69 cm K\u0101ju augstums 12,5 cm Sl\u0113d\u017ea vien\u012bbas\"><span class=\"Y2IQFc\" lang=\"lv\">Svars\r\n11 kg\r\nPlatums\r\n137 cm\r\nAugstums\r\n42 cm\r\nDzi\u013cums\r\n69 cm\r\nS\u0113dek\u013ca platums\r\n137 cm\r\nS\u0113dek\u013ca augstums\r\n42 cm\r\nS\u0113dek\u013ca dzi\u013cums\r\n69 cm\r\nK\u0101ju augstums\r\n12,5 cm<\/span><\/pre>\n","protected":false},"excerpt":{"rendered":"<p>Ludo k\u0101ju paliktnis ar uzglab\u0101\u0161anas kasti Kr\u0101sa: pel\u0113ks\/roz\u0101 Materi\u0101ls: tekstils Ludo pufs ir \u012bsts m\u012b\u013c\u0101kais m\u016bsu veikal\u0101. \u0160is lielais pufs ar glab\u0101tuvi ir ide\u0101ls risin\u0101jums cilv\u0113kiem, kuri nov\u0113rt\u0113 komfortu, modernu dizainu un funkcionalit\u0101ti. \u0160\u012b m\u0113bele apvieno visus \u0161os elementus, sniedzot jums daudz iesp\u0113ju izveidot m\u0101j\u012bgu un \u0113rtu dz\u012bvojamo vai viesu istabu. Ludo lielais skandin\u0101vu pufs [&hellip;]<\/p>\n","protected":false},"featured_media":31535,"comment_status":"closed","ping_status":"closed","template":"","meta":{"inline_featured_image":false,"_uf_show_specific_survey":0,"_uf_disable_surveys":false},"product_brand":[],"product_cat":[130],"product_tag":[2137,2135,2510,2511,2509,2395,573],"class_list":{"0":"post-31530","1":"product","2":"type-product","3":"status-publish","4":"has-post-thumbnail","6":"product_cat-mebeles","7":"product_tag-ekskluzivs-pufs","8":"product_tag-elegants-pufs","9":"product_tag-kaju-kresls","10":"product_tag-kaju-paliktnis","11":"product_tag-kaju-solins","12":"product_tag-lets-pufs","13":"product_tag-viesistabas-pufs","16":"first","17":"outofstock","18":"sale","19":"taxable","20":"shipping-taxable","21":"purchasable","22":"product-type-simple"},"_links":{"self":[{"href":"https:\/\/kraftlager.lv\/ru\/wp-json\/wp\/v2\/product\/31530","targetHints":{"allow":["GET"]}}],"collection":[{"href":"https:\/\/kraftlager.lv\/ru\/wp-json\/wp\/v2\/product"}],"about":[{"href":"https:\/\/kraftlager.lv\/ru\/wp-json\/wp\/v2\/types\/product"}],"replies":[{"embeddable":true,"href":"https:\/\/kraftlager.lv\/ru\/wp-json\/wp\/v2\/comments?post=31530"}],"wp:featuredmedia":[{"embeddable":true,"href":"https:\/\/kraftlager.lv\/ru\/wp-json\/wp\/v2\/media\/31535"}],"wp:attachment":[{"href":"https:\/\/kraftlager.lv\/ru\/wp-json\/wp\/v2\/media?parent=31530"}],"wp:term":[{"taxonomy":"product_brand","embeddable":true,"href":"https:\/\/kraftlager.lv\/ru\/wp-json\/wp\/v2\/product_brand?post=31530"},{"taxonomy":"product_cat","embeddable":true,"href":"https:\/\/kraftlager.lv\/ru\/wp-json\/wp\/v2\/product_cat?post=31530"},{"taxonomy":"product_tag","embeddable":true,"href":"https:\/\/kraftlager.lv\/ru\/wp-json\/wp\/v2\/product_tag?post=31530"}],"curies":[{"name":"wp","href":"https:\/\/api.w.org\/{rel}","templated":true}]}}