{"id":31579,"date":"2024-11-28T10:52:06","date_gmt":"2024-11-28T10:52:06","guid":{"rendered":"https:\/\/kraftlager.lv\/lv\/?post_type=product&#038;p=31579"},"modified":"2025-02-08T13:42:24","modified_gmt":"2025-02-08T13:42:24","slug":"james-2-vietigs-divans","status":"publish","type":"product","link":"https:\/\/kraftlager.lv\/ru\/products\/james-2-vietigs-divans\/","title":{"rendered":"James 2 viet\u012bgs d\u012bv\u0101ns"},"content":{"rendered":"<h3>James 2 viet\u012bgs d\u012bv\u0101ns<\/h3>\n<p>Kr\u0101sa: pel\u0113ks<\/p>\n<p>Materi\u0101ls: tekstils<\/p>\n<p id=\"tw-target-text\" class=\"tw-data-text tw-text-large tw-ta\" dir=\"ltr\" data-placeholder=\"Translation\" data-ved=\"2ahUKEwiHu-WR4P6JAxVLKRAIHTygA14Q3ewLegQIBxAU\" aria-label=\"Translated text: Dz\u012bvojam\u0101 istaba ir vieta, kur m\u0113s atp\u016b\u0161amies, bet ar\u012b izklaid\u0113jam draugus un \u0123imeni, t\u0101p\u0113c atp\u016btas telpas m\u0113bel\u0113m j\u0101b\u016bt r\u016bp\u012bgi p\u0101rdom\u0101tam pirkumam. James divviet\u012bgais d\u012bv\u0101ns ir ide\u0101ls modelis da\u017e\u0101diem interjeriem. James d\u012bv\u0101ns ir ide\u0101li piem\u0113rots gan nelielai atp\u016btas telpai, gan pla\u0161ai viesistabai, un tas ir m\u016bsdien\u012bgs klasisks stils, un taj\u0101 ir viss, ko m\u0113s sagaid\u0101m no modernas m\u0113beles. \u0112rtajam s\u0113deklim ir vid\u0113ji\/stingri spilveni, kas pild\u012bti ar \u012bpa\u0161i elast\u012bg\u0101m put\u0101m, kas saglab\u0101s formu, nenokaroties. M\u0113beles stiprin\u0101\u0161anai zem s\u0113dek\u013ca ir novietotas zigzag atsperes. Atzveltne ir l\u012bdz\u012bga, ta\u010du br\u012bvie spilveni ir pild\u012bti ar silikona \u0161\u0137iedru, un \u0161is materi\u0101ls nodro\u0161ina izcilu komfortu un labu atbalstu mugurai. Pilnais d\u012bv\u0101ns ir izstr\u0101d\u0101ts, dom\u0101jot par komfortu, un atbalst\u012bs visu \u0137ermeni, ieskaitot kaklu un rokas.\n\nNedaudz noapa\u013cot\u0101 d\u012bv\u0101na forma izskat\u0101s stil\u012bgi jebkur\u0101 interjer\u0101 un pie\u0161\u0137ir tai m\u0101j\u012bgumu. M\u0113bele ir maigi pacelta uz 10 cm augst\u0101m koka k\u0101j\u0101m, kas pie\u0161\u0137ir d\u012bv\u0101nam viegluma un skandin\u0101vu rakstura pieska\u0146u. J\u016bs varat izv\u0113l\u0113ties m\u0113be\u013cu auduma veidu un kr\u0101su, atvieglojot m\u0113be\u013cu pieska\u0146o\u0161anu p\u0101r\u0113jam telpas dekoram. James d\u012bv\u0101ns, t\u0101pat k\u0101 citas kolekcijas m\u0113beles, lieliski ieder\u0113sies viesistab\u0101, biroj\u0101 vai izst\u0101\u017eu z\u0101l\u0113. Neatkar\u012bgi no t\u0101, kur nolemjat to novietot, jums tiek garant\u0113ts komforts un lielisks papildin\u0101jums j\u016bsu interjeram.\"><span class=\"Y2IQFc\" lang=\"lv\">Dz\u012bvojam\u0101 istaba ir vieta, kur m\u0113s atp\u016b\u0161amies, bet ar\u012b izklaid\u0113jam draugus un \u0123imeni, t\u0101p\u0113c atp\u016btas telpas m\u0113bel\u0113m j\u0101b\u016bt r\u016bp\u012bgi p\u0101rdom\u0101tam pirkumam. James divviet\u012bgais d\u012bv\u0101ns ir ide\u0101ls modelis da\u017e\u0101diem interjeriem. James d\u012bv\u0101ns ir ide\u0101li piem\u0113rots gan nelielai atp\u016btas telpai, gan pla\u0161ai viesistabai, un tas ir m\u016bsdien\u012bgs klasisks stils, un taj\u0101 ir viss, ko m\u0113s sagaid\u0101m no modernas m\u0113beles. \u0112rtajam s\u0113deklim ir vid\u0113ji\/stingri spilveni, kas pild\u012bti ar \u012bpa\u0161i elast\u012bg\u0101m put\u0101m, kas saglab\u0101s formu, nenokaroties. M\u0113beles stiprin\u0101\u0161anai zem s\u0113dek\u013ca ir novietotas zigzag atsperes. Atzveltne ir l\u012bdz\u012bga, ta\u010du br\u012bvie spilveni ir pild\u012bti ar silikona \u0161\u0137iedru, un \u0161is materi\u0101ls nodro\u0161ina izcilu komfortu un labu atbalstu mugurai. Pilnais d\u012bv\u0101ns ir izstr\u0101d\u0101ts, dom\u0101jot par komfortu, un atbalst\u012bs visu \u0137ermeni, ieskaitot kaklu un rokas.<\/span><\/p>\n<p class=\"tw-data-text tw-text-large tw-ta\" dir=\"ltr\" data-placeholder=\"Translation\" data-ved=\"2ahUKEwiHu-WR4P6JAxVLKRAIHTygA14Q3ewLegQIBxAU\" aria-label=\"Translated text: Dz\u012bvojam\u0101 istaba ir vieta, kur m\u0113s atp\u016b\u0161amies, bet ar\u012b izklaid\u0113jam draugus un \u0123imeni, t\u0101p\u0113c atp\u016btas telpas m\u0113bel\u0113m j\u0101b\u016bt r\u016bp\u012bgi p\u0101rdom\u0101tam pirkumam. James divviet\u012bgais d\u012bv\u0101ns ir ide\u0101ls modelis da\u017e\u0101diem interjeriem. James d\u012bv\u0101ns ir ide\u0101li piem\u0113rots gan nelielai atp\u016btas telpai, gan pla\u0161ai viesistabai, un tas ir m\u016bsdien\u012bgs klasisks stils, un taj\u0101 ir viss, ko m\u0113s sagaid\u0101m no modernas m\u0113beles. \u0112rtajam s\u0113deklim ir vid\u0113ji\/stingri spilveni, kas pild\u012bti ar \u012bpa\u0161i elast\u012bg\u0101m put\u0101m, kas saglab\u0101s formu, nenokaroties. M\u0113beles stiprin\u0101\u0161anai zem s\u0113dek\u013ca ir novietotas zigzag atsperes. Atzveltne ir l\u012bdz\u012bga, ta\u010du br\u012bvie spilveni ir pild\u012bti ar silikona \u0161\u0137iedru, un \u0161is materi\u0101ls nodro\u0161ina izcilu komfortu un labu atbalstu mugurai. Pilnais d\u012bv\u0101ns ir izstr\u0101d\u0101ts, dom\u0101jot par komfortu, un atbalst\u012bs visu \u0137ermeni, ieskaitot kaklu un rokas.\n\nNedaudz noapa\u013cot\u0101 d\u012bv\u0101na forma izskat\u0101s stil\u012bgi jebkur\u0101 interjer\u0101 un pie\u0161\u0137ir tai m\u0101j\u012bgumu. M\u0113bele ir maigi pacelta uz 10 cm augst\u0101m koka k\u0101j\u0101m, kas pie\u0161\u0137ir d\u012bv\u0101nam viegluma un skandin\u0101vu rakstura pieska\u0146u. J\u016bs varat izv\u0113l\u0113ties m\u0113be\u013cu auduma veidu un kr\u0101su, atvieglojot m\u0113be\u013cu pieska\u0146o\u0161anu p\u0101r\u0113jam telpas dekoram. James d\u012bv\u0101ns, t\u0101pat k\u0101 citas kolekcijas m\u0113beles, lieliski ieder\u0113sies viesistab\u0101, biroj\u0101 vai izst\u0101\u017eu z\u0101l\u0113. Neatkar\u012bgi no t\u0101, kur nolemjat to novietot, jums tiek garant\u0113ts komforts un lielisks papildin\u0101jums j\u016bsu interjeram.\"><span class=\"Y2IQFc\" lang=\"lv\">Nedaudz noapa\u013cot\u0101 d\u012bv\u0101na forma izskat\u0101s stil\u012bgi jebkur\u0101 interjer\u0101 un pie\u0161\u0137ir tai m\u0101j\u012bgumu. M\u0113bele ir maigi pacelta uz 10 cm augst\u0101m koka k\u0101j\u0101m, kas pie\u0161\u0137ir d\u012bv\u0101nam viegluma un skandin\u0101vu rakstura pieska\u0146u. J\u016bs varat izv\u0113l\u0113ties m\u0113be\u013cu auduma veidu un kr\u0101su, atvieglojot m\u0113be\u013cu pieska\u0146o\u0161anu p\u0101r\u0113jam telpas dekoram. James d\u012bv\u0101ns, t\u0101pat k\u0101 citas kolekcijas m\u0113beles, lieliski ieder\u0113sies viesistab\u0101, biroj\u0101 vai izst\u0101\u017eu z\u0101l\u0113. Neatkar\u012bgi no t\u0101, kur nolemjat to novietot, jums tiek garant\u0113ts komforts un lielisks papildin\u0101jums j\u016bsu interjeram.<\/span><\/p>\n<pre id=\"tw-target-text\" class=\"tw-data-text tw-text-large tw-ta\" dir=\"ltr\" data-placeholder=\"Translation\" data-ved=\"2ahUKEwiHu-WR4P6JAxVLKRAIHTygA14Q3ewLegQIBxAU\" aria-label=\"Translated text: Svars\r\n67 kg\r\nPlatums\r\n169 cm\r\nAugstums\r\n92 cm\r\nDzi\u013cums\r\n90 cm\r\nS\u0113dek\u013ca platums\r\n130 cm\r\nS\u0113dek\u013ca augstums\r\n52 cm\r\nS\u0113dek\u013ca dzi\u013cums\r\n54 cm\r\nS\u0101nu augstums\r\n65 cm\r\nMuguras augstums\r\n42 cm\r\nK\u0101ju augstums\r\n10 cm\r\nSl\u0113d\u017ea vien\u012bbas\"><span class=\"Y2IQFc\" lang=\"lv\">Svars\r\n67 kg\r\nPlatums\r\n169 cm\r\nAugstums\r\n92 cm\r\nDzi\u013cums\r\n90 cm\r\nS\u0113dek\u013ca platums\r\n130 cm\r\nS\u0113dek\u013ca augstums\r\n52 cm\r\nS\u0113dek\u013ca dzi\u013cums\r\n54 cm\r\nS\u0101nu augstums\r\n65 cm\r\nMuguras augstums\r\n42 cm\r\nK\u0101ju augstums\r\n10 cm<\/span><\/pre>\n","protected":false},"excerpt":{"rendered":"<p>James 2 viet\u012bgs d\u012bv\u0101ns Kr\u0101sa: pel\u0113ks Materi\u0101ls: tekstils Dz\u012bvojam\u0101 istaba ir vieta, kur m\u0113s atp\u016b\u0161amies, bet ar\u012b izklaid\u0113jam draugus un \u0123imeni, t\u0101p\u0113c atp\u016btas telpas m\u0113bel\u0113m j\u0101b\u016bt r\u016bp\u012bgi p\u0101rdom\u0101tam pirkumam. James divviet\u012bgais d\u012bv\u0101ns ir ide\u0101ls modelis da\u017e\u0101diem interjeriem. James d\u012bv\u0101ns ir ide\u0101li piem\u0113rots gan nelielai atp\u016btas telpai, gan pla\u0161ai viesistabai, un tas ir m\u016bsdien\u012bgs klasisks stils, [&hellip;]<\/p>\n","protected":false},"featured_media":31580,"comment_status":"closed","ping_status":"closed","template":"","meta":{"inline_featured_image":false,"_uf_show_specific_survey":0,"_uf_disable_surveys":false},"product_brand":[],"product_cat":[130],"product_tag":[2178,967,681,2504,2179,2169,1950,2129,2170,2133,2139,2503,342,343,2502,2128],"class_list":{"0":"post-31579","1":"product","2":"type-product","3":"status-publish","4":"has-post-thumbnail","6":"product_cat-mebeles","7":"product_tag-akcijas-divans","8":"product_tag-atputas-divans","9":"product_tag-atputas-sofa","10":"product_tag-cheap-sofa","11":"product_tag-divans-ar-atlaidi","12":"product_tag-divvietigs-divans","13":"product_tag-dizaina-divans","14":"product_tag-ekskluzivs-divans","15":"product_tag-klasisks-divans","16":"product_tag-ofisa-divans","17":"product_tag-ofisa-sofa","18":"product_tag-sofa-discount","19":"product_tag-sofa","20":"product_tag-stura-divans","21":"product_tag-trisvietigs-divans","22":"product_tag-viesistabas-divans","25":"first","26":"outofstock","27":"sale","28":"taxable","29":"shipping-taxable","30":"purchasable","31":"product-type-simple"},"_links":{"self":[{"href":"https:\/\/kraftlager.lv\/ru\/wp-json\/wp\/v2\/product\/31579","targetHints":{"allow":["GET"]}}],"collection":[{"href":"https:\/\/kraftlager.lv\/ru\/wp-json\/wp\/v2\/product"}],"about":[{"href":"https:\/\/kraftlager.lv\/ru\/wp-json\/wp\/v2\/types\/product"}],"replies":[{"embeddable":true,"href":"https:\/\/kraftlager.lv\/ru\/wp-json\/wp\/v2\/comments?post=31579"}],"wp:featuredmedia":[{"embeddable":true,"href":"https:\/\/kraftlager.lv\/ru\/wp-json\/wp\/v2\/media\/31580"}],"wp:attachment":[{"href":"https:\/\/kraftlager.lv\/ru\/wp-json\/wp\/v2\/media?parent=31579"}],"wp:term":[{"taxonomy":"product_brand","embeddable":true,"href":"https:\/\/kraftlager.lv\/ru\/wp-json\/wp\/v2\/product_brand?post=31579"},{"taxonomy":"product_cat","embeddable":true,"href":"https:\/\/kraftlager.lv\/ru\/wp-json\/wp\/v2\/product_cat?post=31579"},{"taxonomy":"product_tag","embeddable":true,"href":"https:\/\/kraftlager.lv\/ru\/wp-json\/wp\/v2\/product_tag?post=31579"}],"curies":[{"name":"wp","href":"https:\/\/api.w.org\/{rel}","templated":true}]}}