{"id":31649,"date":"2024-11-29T14:15:31","date_gmt":"2024-11-29T14:15:31","guid":{"rendered":"https:\/\/kraftlager.lv\/lv\/?post_type=product&#038;p=31649"},"modified":"2025-08-06T10:35:07","modified_gmt":"2025-08-06T10:35:07","slug":"nivelieris-bosch-gll-3-80-c-professional","status":"publish","type":"product","link":"https:\/\/kraftlager.lv\/ru\/products\/nivelieris-bosch-gll-3-80-c-professional\/","title":{"rendered":"Nivelieris Bosch GLL 3-80 C Professional"},"content":{"rendered":"<div class=\"full-info-block simple-content\">\n<div class=\"clearfix\">\n<div class=\"col-1\">\n<h3>Nivelieris Bosch GLL 3-80 C Professional<\/h3>\n<table class=\"info-table\">\n<tbody>\n<tr class=\"group-title-row\">\n<td colspan=\"2\">\n<h3 class=\"group-title\">Kop\u0113jie parametri<\/h3>\n<\/td>\n<\/tr>\n<tr>\n<td>Produkta veids<\/td>\n<td>Nivelieris<\/td>\n<\/tr>\n<tr>\n<td>Z\u012bmols<\/td>\n<td><a class=\"attribute-filter-link\" href=\"https:\/\/www.1a.lv\/c\/darzam-remontam-un-majai\/rokas-instrumenti-remontam\/merinstrumenti\/3q9?f=88i\" target=\"_blank\" rel=\"noopener\">Bosch<\/a><\/td>\n<\/tr>\n<tr>\n<td>Modelis<\/td>\n<td>GLL 3-80 C Professional<\/td>\n<\/tr>\n<tr>\n<td>Darba lauks<\/td>\n<td>1 &#8211; 30 m<\/td>\n<\/tr>\n<tr>\n<td>M\u0113r\u012bjuma k\u013c\u016bda, mm\/m<\/td>\n<td>0.2<\/td>\n<\/tr>\n<tr>\n<td>Rot\u0101cijas le\u0146\u0137is<\/td>\n<td>4 \u00b0<\/td>\n<\/tr>\n<\/tbody>\n<\/table>\n<\/div>\n<div class=\"col-2\">\n<table class=\"info-table\">\n<tbody>\n<tr>\n<td>M\u0113r\u012b\u0161anas poz\u012bcijas<\/td>\n<td><a class=\"attribute-filter-link\" href=\"https:\/\/www.1a.lv\/c\/darzam-remontam-un-majai\/rokas-instrumenti-remontam\/merinstrumenti\/3q9?f=3at0\" target=\"_blank\" rel=\"noopener\">Horizont\u0101li<\/a>,\u00a0<a class=\"attribute-filter-link\" href=\"https:\/\/www.1a.lv\/c\/darzam-remontam-un-majai\/rokas-instrumenti-remontam\/merinstrumenti\/3q9?f=3at1\" target=\"_blank\" rel=\"noopener\">Vertik\u0101li<\/a><\/td>\n<\/tr>\n<tr>\n<td>Komplekts<\/td>\n<td>L\u012bniju l\u0101zers, baterijas, l\u0101zera m\u0113r\u0137pl\u0101ksne, soma<\/td>\n<\/tr>\n<tr>\n<td>Baterijas<\/td>\n<td>AA<\/td>\n<\/tr>\n<tr>\n<td>Bateriju skaits<\/td>\n<td>4<\/td>\n<\/tr>\n<tr>\n<td>L\u0101zera l\u012bnijas kr\u0101sa<\/td>\n<td><a class=\"attribute-filter-link\" href=\"https:\/\/www.1a.lv\/c\/darzam-remontam-un-majai\/rokas-instrumenti-remontam\/merinstrumenti\/3q9?f=3eaz\" target=\"_blank\" rel=\"noopener\">Sarkana<\/a><\/td>\n<\/tr>\n<tr>\n<td>Papildus inform\u0101cija<\/td>\n<td>Projekcija: 3 x 360\u00b0 l\u012bnijas<\/td>\n<\/tr>\n<tr>\n<td>Garantija<\/td>\n<td>24 m\u0113n<\/td>\n<\/tr>\n<\/tbody>\n<\/table>\n<\/div>\n<\/div>\n<\/div>\n<div class=\"marginal-hr\"><\/div>\n<div class=\"full-info-block simple-content product-description\">\n<p>L\u012bniju l\u0101zers GLL 3-80 C Professional ir vienk\u0101r\u0161i pievienojams un projic\u0113 3 x 360\u00b0 l\u0101zera l\u012bnijas, nodro\u0161inot izcilu redzam\u012bbu. Inovat\u012bv\u0101 kontroles funkkcija CAL Guard un ar Bluetooth\u00ae pal\u012bdz\u012bbu pievienota viedt\u0101lrun\u012b uzst\u0101d\u012bta lietotne dod iesp\u0113ju realiz\u0113t t\u0101lvad\u012bbas funkcijas, \u013cauj no att\u0101luma veikt instrumenta iestat\u012b\u0161anu un nodro\u0161ina augstu precizit\u0101ti. Lieljaudas LED diodes nodro\u0161ina izcilu redzam\u012bbu, bet instrumenta 3 x 360\u00b0 l\u0101zera l\u012bnijas \u013cauj vienlaic\u012bgi veikt horizont\u0101lo un vertik\u0101lo izl\u012bdzin\u0101\u0161anu, dodot iesp\u0113ju efekt\u012bvi str\u0101d\u0101t.<\/p>\n<p><strong>Apr\u012bkojums &#038; pielietojums<\/strong><br \/>\n\u0160is l\u012bniju l\u0101zers ir lietojams, veicot gr\u012bdu iekl\u0101\u0161anu, logu ieb\u016bv\u0113\u0161anu, plauktu mont\u0101\u017eu, notekcauru\u013cu ier\u012bko\u0161anu, sausb\u016bves sienu karkasu uzst\u0101d\u012b\u0161anu un fl\u012b\u017eu kl\u0101juma veido\u0161anu.<\/p>\n<p><strong>Papildus inform\u0101cija<\/strong><br \/>\nL\u0101zer\u012b GLL 3-80 C Professional pielietot\u0101 du\u0101l\u0101s elektrobaro\u0161anas tehnolo\u0123ija Dual Power Source \u013cauj izmantot m\u0113rinstrumenta elektrobaro\u0161anai gan 12 V litija-jonu akumulatoru, gan ar\u012b standarta s\u0101rma baterijas. Uz nel\u012bmeniskas virsmas sp\u0113j veikt pa\u0161l\u012bme\u0146o\u0161anos +\/- 4\u00b0 robe\u017e\u0101s maz\u0101k nek\u0101 4 sekund\u0113s ar izcilu \u00b1 0,2 mm\/m precizit\u0101ti*\/**, 120 m darb\u012bbas att\u0101lums, papildus izmantojot l\u0101zera starojuma uztv\u0113r\u0113ju LR 6 vai LR 7 Professional. \u0160is l\u012bniju l\u0101zers ir kompakts, viegli lietojams un \u0101rk\u0101rt\u012bgi iztur\u012bgs.<\/p>\n<\/div>\n","protected":false},"excerpt":{"rendered":"<p>Nivelieris Bosch GLL 3-80 C Professional Kop\u0113jie parametri Produkta veids Nivelieris Z\u012bmols Bosch Modelis GLL 3-80 C Professional Darba lauks 1 &#8211; 30 m M\u0113r\u012bjuma k\u013c\u016bda, mm\/m 0.2 Rot\u0101cijas le\u0146\u0137is 4 \u00b0 M\u0113r\u012b\u0161anas poz\u012bcijas Horizont\u0101li,\u00a0Vertik\u0101li Komplekts L\u012bniju l\u0101zers, baterijas, l\u0101zera m\u0113r\u0137pl\u0101ksne, soma Baterijas AA Bateriju skaits 4 L\u0101zera l\u012bnijas kr\u0101sa Sarkana Papildus inform\u0101cija Projekcija: 3 [&hellip;]<\/p>\n","protected":false},"featured_media":31650,"comment_status":"closed","ping_status":"closed","template":"","meta":{"inline_featured_image":false,"_uf_show_specific_survey":0,"_uf_disable_surveys":false},"product_brand":[],"product_cat":[2441],"product_tag":[2494,1933,2495,1935,2534,1936],"class_list":{"0":"post-31649","1":"product","2":"type-product","3":"status-publish","4":"has-post-thumbnail","6":"product_cat-dazadi","7":"product_tag-bosch-lazeris","8":"product_tag-bosch-nivelieris","9":"product_tag-celtniecibas-nivelieris","10":"product_tag-lets-nivelieris","11":"product_tag-nivelieris","12":"product_tag-profesionalais-nivelieris","15":"first","16":"outofstock","17":"sale","18":"taxable","19":"shipping-taxable","20":"purchasable","21":"product-type-simple"},"_links":{"self":[{"href":"https:\/\/kraftlager.lv\/ru\/wp-json\/wp\/v2\/product\/31649","targetHints":{"allow":["GET"]}}],"collection":[{"href":"https:\/\/kraftlager.lv\/ru\/wp-json\/wp\/v2\/product"}],"about":[{"href":"https:\/\/kraftlager.lv\/ru\/wp-json\/wp\/v2\/types\/product"}],"replies":[{"embeddable":true,"href":"https:\/\/kraftlager.lv\/ru\/wp-json\/wp\/v2\/comments?post=31649"}],"wp:featuredmedia":[{"embeddable":true,"href":"https:\/\/kraftlager.lv\/ru\/wp-json\/wp\/v2\/media\/31650"}],"wp:attachment":[{"href":"https:\/\/kraftlager.lv\/ru\/wp-json\/wp\/v2\/media?parent=31649"}],"wp:term":[{"taxonomy":"product_brand","embeddable":true,"href":"https:\/\/kraftlager.lv\/ru\/wp-json\/wp\/v2\/product_brand?post=31649"},{"taxonomy":"product_cat","embeddable":true,"href":"https:\/\/kraftlager.lv\/ru\/wp-json\/wp\/v2\/product_cat?post=31649"},{"taxonomy":"product_tag","embeddable":true,"href":"https:\/\/kraftlager.lv\/ru\/wp-json\/wp\/v2\/product_tag?post=31649"}],"curies":[{"name":"wp","href":"https:\/\/api.w.org\/{rel}","templated":true}]}}