{"id":31934,"date":"2025-02-25T16:45:52","date_gmt":"2025-02-25T16:45:52","guid":{"rendered":"https:\/\/kraftlager.lv\/lv\/?post_type=product&#038;p=31934"},"modified":"2025-08-12T11:01:28","modified_gmt":"2025-08-12T11:01:28","slug":"krasot-radiatorus","status":"publish","type":"product","link":"https:\/\/kraftlager.lv\/ru\/products\/krasot-radiatorus\/","title":{"rendered":"RADIATORU KR\u0100SO\u0160ANA"},"content":{"rendered":"<p>Radiatoru noliktava <strong>KRAFTLAGER<\/strong> pied\u0101v\u0101 daudz da\u017e\u0101dus mode\u013cu radiatorus. Tie tiek pied\u0101v\u0101ti ar\u012b da\u017e\u0101d\u0101s kr\u0101s\u0101s, ta\u010du ir tikai divas kr\u0101sas, kas ir iztur\u0113ju\u0161as laika p\u0101rbaudi un ieguvu\u0161as klientu atzin\u012bbu. Protams, viena no popul\u0101r\u0101kaj\u0101m radiatoru kr\u0101s\u0101m ir balta, ar kr\u0101sas kodu RAL <strong>9010- pure white <\/strong>toni. Otra radiatoru kr\u0101sa, kas ir pieejama uz vietas noliktav\u0101 ir\u00a0 RAL <strong>7016- anthracite grey-<\/strong> pel\u0113ks antrac\u012bts un, varam dro\u0161i teikt, ka \u0161\u012b kr\u0101sa ir nedaudz popul\u0101r\u0101ka pat par balto radiatoru kr\u0101sas toni.<\/p>\n<p><img fetchpriority=\"high\" decoding=\"async\" class=\" wp-image-31984 aligncenter\" src=\"https:\/\/kraftlager.lv\/wp-content\/uploads\/2025\/02\/4-225x300.jpg\" alt=\"\" width=\"551\" height=\"734\" srcset=\"https:\/\/kraftlager.lv\/wp-content\/uploads\/2025\/02\/4-225x300.jpg 225w, https:\/\/kraftlager.lv\/wp-content\/uploads\/2025\/02\/4-scaled-600x800.jpg 600w, https:\/\/kraftlager.lv\/wp-content\/uploads\/2025\/02\/4-768x1024.jpg 768w, https:\/\/kraftlager.lv\/wp-content\/uploads\/2025\/02\/4-1152x1536.jpg 1152w, https:\/\/kraftlager.lv\/wp-content\/uploads\/2025\/02\/4-1536x2048.jpg 1536w, https:\/\/kraftlager.lv\/wp-content\/uploads\/2025\/02\/4-9x12.jpg 9w, https:\/\/kraftlager.lv\/wp-content\/uploads\/2025\/02\/4-scaled.jpg 1920w\" sizes=\"(max-width: 551px) 100vw, 551px\" \/><\/p>\n<p>K\u0101d\u0113\u013c t\u0101 ? Pirmk\u0101rt, visiem ir nedaudz apnicis baltais radiators, kas\u00a0 vairum\u0101 interjeru stilos p\u0113c kr\u0101sas pat \u012bsti neiederas un ir tik uzkr\u012bto\u0161s, ka tiek nosl\u0113pts aiz aizkariem. Otrk\u0101rt, ja noliekam blakus 2 vien\u0101dus radiatorus &#8211; vienu antrac\u012bta un otru baltas kr\u0101sas, antrac\u012bta kr\u0101sas radiators rada vizu\u0101lu iespaidu &#8211; (d\u0101rgi, ne visiem, kvalit\u0101te, \u010duguns), ta\u010du, ja sal\u012bdzin\u0101m cenas zi\u0146\u0101, tad antrac\u012bta kr\u0101sas radiators b\u016bs tikai par aptuveni\u00a0 ~ <strong>10%<\/strong> d\u0101rg\u0101ks par baltas kr\u0101sas radiatoru.<\/p>\n<p>Tre\u0161k\u0101rt, radiators sen vairs nav tikai priek\u0161mets, kas izstaro siltumu &#8211; radiators ir interjera elements, kas vai nu ir uzkr\u012bto\u0161i spilgts un veido telpu ap sevi, vai, tie\u0161i otr\u0101di, papildina p\u0101r\u0113jo interjeru. Abos gad\u012bjumos tas noteikti nav priek\u0161mets, kas neiederas telp\u0101.<\/p>\n<p><img decoding=\"async\" class=\" wp-image-31942 aligncenter\" src=\"https:\/\/kraftlager.lv\/wp-content\/uploads\/2025\/02\/ada40046-4a7f-496f-b191-8db0f58e7d35-300x225.jpg\" alt=\"\" width=\"600\" height=\"450\" srcset=\"https:\/\/kraftlager.lv\/wp-content\/uploads\/2025\/02\/ada40046-4a7f-496f-b191-8db0f58e7d35-300x225.jpg 300w, https:\/\/kraftlager.lv\/wp-content\/uploads\/2025\/02\/ada40046-4a7f-496f-b191-8db0f58e7d35-600x450.jpg 600w, https:\/\/kraftlager.lv\/wp-content\/uploads\/2025\/02\/ada40046-4a7f-496f-b191-8db0f58e7d35-1024x768.jpg 1024w, https:\/\/kraftlager.lv\/wp-content\/uploads\/2025\/02\/ada40046-4a7f-496f-b191-8db0f58e7d35-768x576.jpg 768w, https:\/\/kraftlager.lv\/wp-content\/uploads\/2025\/02\/ada40046-4a7f-496f-b191-8db0f58e7d35-1536x1152.jpg 1536w, https:\/\/kraftlager.lv\/wp-content\/uploads\/2025\/02\/ada40046-4a7f-496f-b191-8db0f58e7d35-16x12.jpg 16w, https:\/\/kraftlager.lv\/wp-content\/uploads\/2025\/02\/ada40046-4a7f-496f-b191-8db0f58e7d35.jpg 1600w\" sizes=\"(max-width: 600px) 100vw, 600px\" \/><\/p>\n<p>Tiem klientiem, kurus neapmierina neviens no abiem radiatoru standarta kr\u0101sas to\u0146iem, <strong>KRAFTLAGER<\/strong> noliktava pied\u0101v\u0101 nokr\u0101sot radiatoru k\u0101d\u0101 no pa\u0161a izv\u0113l\u0113tajiem to\u0146iem.<\/p>\n<p><strong>\u012asum\u0101, k\u0101 tas notiek<\/strong> &#8211;\u00a0 standarta klients ir izv\u0113l\u0113jies RAL kr\u0101sas to\u0146a kodu internet\u0101, t\u0101l\u0101k tiek noskaidrots, vai kr\u0101sa b\u016bs mat\u0113ta, glanc\u0113ta vai pussp\u012bd\u012bga (da\u017eiem to\u0146iem ir iesp\u0113ja ar\u012b izmantot smilts effektu, kr\u0101sa ar tekst\u016bru). N\u0101kamais solis &#8211; noskaidrojam, vai \u0161\u012b kr\u0101sa ir pieejama uz vietas un k\u0101das ir izmaksas pa\u0161ai kr\u0101sai, jo, atkar\u012bb\u0101 no kr\u0101sas ra\u017eot\u0101ja un kr\u0101sas tipa, t\u0101s cena var\u00a0 daudzk\u0101rt at\u0161\u0137irties. Bie\u017ei tiek izv\u0113l\u0113ts kr\u0101sas tonis, kas ir pietuvin\u0101ts izv\u0113l\u0101tam kr\u0101sas tonim,\u00a0 bet ir pieejams uzreiz un izmaksu zi\u0146\u0101 b\u016bs izdev\u012bg\u0101kais nek\u0101 s\u0101kotn\u0113ji izv\u0113l\u0113tais, ta\u010du stipri d\u0101rg\u0101kais RAL tonis. Ja klientam ir radu\u0161\u0101s \u0161aubas par toni, pirms tiek kr\u0101sots pats radiators, tiek nokr\u0101sots neliels paraugs ar \u0161o izv\u0113l\u0113to kr\u0101sas toni, jo redz\u0113t kr\u0101sas toni datora ekr\u0101n\u0101 un dz\u012bv\u0113\u00a0 da\u017ereiz var b\u016bt \u013coti liela at\u0161\u0137ir\u012bba. T\u0101pat, pat pie vien\u0101da RAL kr\u0101sas to\u0146a (koda), da\u017e\u0101diem ra\u017eot\u0101jiem kr\u0101sa var man\u0101mi at\u0161\u0137ities. It \u012bpa\u0161i tas ir iev\u0113rojams, ja m\u0113\u0123in\u0101m sal\u0101got kr\u0101sas toni jau ar agr\u0101k kr\u0101sotu deta\u013cu.<\/p>\n<p>Zem\u0101k foto redzams identisks RAL kr\u0101sas tonis &#8211;<strong> 7016 anthracite grey. <\/strong>\u00a0Viens tonis ir uzkl\u0101ts radiatoram r\u016bpn\u012bc\u0101, otrs tiek uzkl\u0101ts \u0161eit Latvij\u0101, jo radiatora k\u0101jas ra\u017eojam uz vietas.\u00a0 Pie noteiktas gaismas at\u0161\u0137ir\u012bba ir paman\u0101ma. T\u0101d\u0113\u013c klienti, kuriem ir \u013coti augstas pras\u012bbas p\u0113c to\u0146u sakrit\u012bbas, bie\u017ei izv\u0113las ar\u012b p\u0101rkr\u0101sot visu radiatoru, lai radiators un t\u0101 k\u0101jas b\u016btu 100% vien\u0101d\u0101 ton\u012b.<\/p>\n<p>&nbsp;<\/p>\n<p><img decoding=\"async\" class=\" wp-image-31943 aligncenter\" src=\"https:\/\/kraftlager.lv\/wp-content\/uploads\/2025\/02\/a9ea7464-4e69-4713-b7b4-667f37f43a57-300x225.jpg\" alt=\"\" width=\"600\" height=\"450\" srcset=\"https:\/\/kraftlager.lv\/wp-content\/uploads\/2025\/02\/a9ea7464-4e69-4713-b7b4-667f37f43a57-300x225.jpg 300w, https:\/\/kraftlager.lv\/wp-content\/uploads\/2025\/02\/a9ea7464-4e69-4713-b7b4-667f37f43a57-600x450.jpg 600w, https:\/\/kraftlager.lv\/wp-content\/uploads\/2025\/02\/a9ea7464-4e69-4713-b7b4-667f37f43a57-1024x768.jpg 1024w, https:\/\/kraftlager.lv\/wp-content\/uploads\/2025\/02\/a9ea7464-4e69-4713-b7b4-667f37f43a57-768x576.jpg 768w, https:\/\/kraftlager.lv\/wp-content\/uploads\/2025\/02\/a9ea7464-4e69-4713-b7b4-667f37f43a57-1536x1152.jpg 1536w, https:\/\/kraftlager.lv\/wp-content\/uploads\/2025\/02\/a9ea7464-4e69-4713-b7b4-667f37f43a57-16x12.jpg 16w, https:\/\/kraftlager.lv\/wp-content\/uploads\/2025\/02\/a9ea7464-4e69-4713-b7b4-667f37f43a57.jpg 1600w\" sizes=\"(max-width: 600px) 100vw, 600px\" \/><\/p>\n<p><strong>Kr\u0101so\u0161anas process<\/strong> &#8211; baltais un antrac\u012bta kr\u0101sas tonis jau r\u016bpn\u012bc\u0101 tiek uzkl\u0101ts ar polim\u0113ru (pulvera) p\u0101rkl\u0101juma metodi, uzsmidzinot uz materi\u0101la kr\u0101su saus\u0101 veid\u0101 (pulver\u012b), p\u0113c tam pulvera p\u0101rkl\u0101to radiatoru liek karst\u0101 kr\u0101sn\u012b, kur to p\u0101rv\u0113r\u0161 \u013coti iztur\u012bg\u0101 un ilgm\u016b\u017e\u012bg\u0101 kr\u0101sas p\u0101rkl\u0101jum\u0101. \u0160o visu processu sauc par pulverkr\u0101so\u0161anu, tie\u0161i t\u0101du pa\u0161u pulverkr\u0101so\u0161anas metodi izmantojam, lai kr\u0101sotu radiatorus \u0161eit uz vietas, jau klienta izv\u0113l\u0113t\u0101 kr\u0101sas ton\u012b, par izejmateri\u0101lu \u0146emot baltas kr\u0101sas radiatoru.<\/p>\n<p><img loading=\"lazy\" decoding=\"async\" class=\" wp-image-31970 aligncenter\" src=\"https:\/\/kraftlager.lv\/wp-content\/uploads\/2025\/02\/WhatsApp-Image-2025-02-26-at-14.26.46-2-300x169.jpeg\" alt=\"\" width=\"605\" height=\"341\" srcset=\"https:\/\/kraftlager.lv\/wp-content\/uploads\/2025\/02\/WhatsApp-Image-2025-02-26-at-14.26.46-2-300x169.jpeg 300w, https:\/\/kraftlager.lv\/wp-content\/uploads\/2025\/02\/WhatsApp-Image-2025-02-26-at-14.26.46-2-600x338.jpeg 600w, https:\/\/kraftlager.lv\/wp-content\/uploads\/2025\/02\/WhatsApp-Image-2025-02-26-at-14.26.46-2-1024x576.jpeg 1024w, https:\/\/kraftlager.lv\/wp-content\/uploads\/2025\/02\/WhatsApp-Image-2025-02-26-at-14.26.46-2-768x432.jpeg 768w, https:\/\/kraftlager.lv\/wp-content\/uploads\/2025\/02\/WhatsApp-Image-2025-02-26-at-14.26.46-2-1536x864.jpeg 1536w, https:\/\/kraftlager.lv\/wp-content\/uploads\/2025\/02\/WhatsApp-Image-2025-02-26-at-14.26.46-2-18x10.jpeg 18w, https:\/\/kraftlager.lv\/wp-content\/uploads\/2025\/02\/WhatsApp-Image-2025-02-26-at-14.26.46-2.jpeg 1600w\" sizes=\"(max-width: 605px) 100vw, 605px\" \/><\/p>\n<p><strong>Izmaksas<\/strong> &#8211; Radiatoru kr\u0101so\u0161anas izmaksas var b\u016bt \u013coti at\u0161\u0137ir\u012bgas, t\u0101s ir atkar\u012bgas no izv\u0113l\u0113t\u0101 kr\u0101sas to\u0146a radiatoram. T\u0101 k\u0101 <strong>KRAFTLAGER<\/strong> noliktava ar radiatoru tirdzniec\u012bbu un to kr\u0101so\u0161anu nodarbojas jau daudzus gadus, tad mums ir izstr\u0101d\u0101ti savi standartiz\u0113tie kr\u0101sas to\u0146i, k\u0101 ar\u012b \u013coti veiksm\u012bgi varam piel\u0101got klienta izv\u0113l\u0113tos to\u0146us, piem\u0113rojot tiem adekv\u0101tas izmaksas un kr\u0101so\u0161anas termi\u0146us. Vid\u0113ji b\u016btu j\u0101r\u0113\u0137in\u0101s ar <strong>+22% <\/strong>cenas pieaugumu, no balta radiatora izmaks\u0101m! T\u0101tad, ja balta radiatora cena mums b\u016btu <strong>225.eiro <\/strong><a href=\"https:\/\/kraftlager.lv\/lv\/product\/1800-x-470-mm-vertikals-radiators-krasa-balts\/\">(piem\u0113rs &#8211; radiatoram)<\/a>, tad kr\u0101so\u0161anas izmaksas \u0161\u0101dam radiatoram mums sast\u0101d\u012btu + <strong>50.eiro <\/strong>pie radiatora cenas.<\/p>\n<p><img loading=\"lazy\" decoding=\"async\" class=\" wp-image-31983 aligncenter\" src=\"https:\/\/kraftlager.lv\/wp-content\/uploads\/2025\/02\/acova-radiators-melns-300x225.jpg\" alt=\"\" width=\"631\" height=\"474\" srcset=\"https:\/\/kraftlager.lv\/wp-content\/uploads\/2025\/02\/acova-radiators-melns-300x225.jpg 300w, https:\/\/kraftlager.lv\/wp-content\/uploads\/2025\/02\/acova-radiators-melns-600x450.jpg 600w, https:\/\/kraftlager.lv\/wp-content\/uploads\/2025\/02\/acova-radiators-melns-1024x768.jpg 1024w, https:\/\/kraftlager.lv\/wp-content\/uploads\/2025\/02\/acova-radiators-melns-768x576.jpg 768w, https:\/\/kraftlager.lv\/wp-content\/uploads\/2025\/02\/acova-radiators-melns-1536x1152.jpg 1536w, https:\/\/kraftlager.lv\/wp-content\/uploads\/2025\/02\/acova-radiators-melns-16x12.jpg 16w, https:\/\/kraftlager.lv\/wp-content\/uploads\/2025\/02\/acova-radiators-melns.jpg 2048w\" sizes=\"(max-width: 631px) 100vw, 631px\" \/><\/p>\n<p><strong>Radiatoru kr\u0101so\u0161anas termi\u0146i<\/strong> (standarta klients) &#8211; vid\u0113ji \u0161is process aiz\u0146em no 2.ned\u0113\u013c\u0101m l\u012bdz 1 m\u0113nesim.<\/p>\n<ol>\n<li>&#8211; Nepiecie\u0161amo radiatoru izv\u0113le (1-4.dienas)<\/li>\n<li>&#8211; Kr\u0101sas to\u0146a izv\u0113le (1-7.dienas)<\/li>\n<li>&#8211; Izv\u0113l\u0113t\u0101 kr\u0101sas to\u0146a saska\u0146o\u0161ana (2-6.dienas)<\/li>\n<li>&#8211; Radiatoru sagatavo\u0161a kr\u0101so\u0161anai, transport\u0113\u0161ana, kr\u0101so\u0161ana, iepako\u0161ana (1,5-3.ned\u0113\u013cas).<\/li>\n<\/ol>\n<h1><\/h1>\n<p>&nbsp;<\/p>\n<p>&nbsp;<\/p>\n","protected":false},"excerpt":{"rendered":"<p>Radiatoru noliktava KRAFTLAGER pied\u0101v\u0101 daudz da\u017e\u0101dus mode\u013cu radiatorus. Tie tiek pied\u0101v\u0101ti ar\u012b da\u017e\u0101d\u0101s kr\u0101s\u0101s, ta\u010du ir tikai divas kr\u0101sas, kas ir iztur\u0113ju\u0161as laika p\u0101rbaudi un ieguvu\u0161as klientu atzin\u012bbu. Protams, viena no popul\u0101r\u0101kaj\u0101m radiatoru kr\u0101s\u0101m ir balta, ar kr\u0101sas kodu RAL 9010- pure white toni. Otra radiatoru kr\u0101sa, kas ir pieejama uz vietas noliktav\u0101 ir\u00a0 RAL [&hellip;]<\/p>\n","protected":false},"featured_media":31961,"comment_status":"closed","ping_status":"closed","template":"","meta":{"inline_featured_image":false,"_uf_show_specific_survey":0,"_uf_disable_surveys":false},"product_brand":[],"product_cat":[2540],"product_tag":[2543,2546,2542,2544,2545,2541,2548,2547],"class_list":{"0":"post-31934","1":"product","2":"type-product","3":"status-publish","4":"has-post-thumbnail","6":"product_cat-radiatoru-krasosana","7":"product_tag-radiator-custom-paint","8":"product_tag-radiator-design","9":"product_tag-radiatoru-dizains","10":"product_tag-radiatoru-individualizacija","11":"product_tag-radiatoru-krasa","12":"product_tag-radiatoru-krasosana","13":"product_tag-2548","14":"product_tag-2547","17":"first","18":"instock","19":"featured","20":"taxable","21":"shipping-taxable","22":"product-type-simple"},"_links":{"self":[{"href":"https:\/\/kraftlager.lv\/ru\/wp-json\/wp\/v2\/product\/31934","targetHints":{"allow":["GET"]}}],"collection":[{"href":"https:\/\/kraftlager.lv\/ru\/wp-json\/wp\/v2\/product"}],"about":[{"href":"https:\/\/kraftlager.lv\/ru\/wp-json\/wp\/v2\/types\/product"}],"replies":[{"embeddable":true,"href":"https:\/\/kraftlager.lv\/ru\/wp-json\/wp\/v2\/comments?post=31934"}],"wp:featuredmedia":[{"embeddable":true,"href":"https:\/\/kraftlager.lv\/ru\/wp-json\/wp\/v2\/media\/31961"}],"wp:attachment":[{"href":"https:\/\/kraftlager.lv\/ru\/wp-json\/wp\/v2\/media?parent=31934"}],"wp:term":[{"taxonomy":"product_brand","embeddable":true,"href":"https:\/\/kraftlager.lv\/ru\/wp-json\/wp\/v2\/product_brand?post=31934"},{"taxonomy":"product_cat","embeddable":true,"href":"https:\/\/kraftlager.lv\/ru\/wp-json\/wp\/v2\/product_cat?post=31934"},{"taxonomy":"product_tag","embeddable":true,"href":"https:\/\/kraftlager.lv\/ru\/wp-json\/wp\/v2\/product_tag?post=31934"}],"curies":[{"name":"wp","href":"https:\/\/api.w.org\/{rel}","templated":true}]}}