{"id":32038,"date":"2025-03-15T12:30:01","date_gmt":"2025-03-15T12:30:01","guid":{"rendered":"https:\/\/kraftlager.lv\/lv\/?post_type=product&#038;p=32038"},"modified":"2025-08-27T13:15:42","modified_gmt":"2025-08-27T13:15:42","slug":"nt-1600-nerusejosa-terauda-dvielu-zavetajs-1600x500-mm","status":"publish","type":"product","link":"https:\/\/kraftlager.lv\/ru\/products\/nt-1600-nerusejosa-terauda-dvielu-zavetajs-1600x500-mm\/","title":{"rendered":"NT 1600 ner\u016bs\u0113jo\u0161\u0101 t\u0113rauda dvie\u013cu \u017e\u0101v\u0113t\u0101js, 1600&#215;500 mm"},"content":{"rendered":"<h3>NT 1600 ner\u016bs\u0113jo\u0161\u0101 t\u0113rauda dvie\u013cu \u017e\u0101v\u0113t\u0101js<\/h3>\n<p>Ner\u016bs\u0113jo\u0161\u0101 t\u0113rauda dvie\u013cu \u017e\u0101v\u0113t\u0101js ar izteiktu dizainu lieliski ieder\u0113sies k\u0101 dizaina akcents j\u016bsu vannasistab\u0101.<\/p>\n<p>Der\u012bgi atcer\u0113ties \u2013 ja dvie\u013cu \u017e\u0101v\u0113t\u0101ju izv\u0113lamies ,ne tikai k\u0101 elementu dvie\u013cu \u017e\u0101v\u0113\u0161anai bet ar\u012b pa\u0161as telpas vannasistabas apsildei (siltumavotu), tad b\u016btu j\u0101izv\u0113las dvie\u013cu \u017e\u0101v\u0113t\u0101js ar liel\u0101ku jaudu k\u0101 nepiecams pa\u0161as telpas apsildei, jo l\u012bdz\u012bgs princips b\u016btu ja telpas radiators tiktu apkl\u0101ts ar dvieli. T\u0101tad ja vannasistabas telpa m\u016bsu piem\u0113r\u0101 ir<strong>\u00a05m2<\/strong>\u00a0liela, lai apsild\u012btu \u0161o telpu mums nepiecie\u0161ams 500 wattu jaud\u012bgs siltumavots \u00ad\u00ad(~ 100 wati uz 1m2), tad r\u0113\u0137inot ka dvie\u013cu \u017e\u0101v\u0113t\u0101js regul\u0101ri b\u016bs apsegts, reizinam \u0161o jaudu x2 = 1000 wati. Ja telpu apsildei izmantojam citu siltumavotu, tad varam ne\u0146emt v\u0113r\u0101 dvie\u013cu \u017e\u0101v\u0113t\u0101ja siltumatdevi, bet tikai vad\u012bties p\u0113c dizaina, izv\u0113l\u0113t\u0101s vietas parametriem un ieradumiem.<\/p>\n<table style=\"height: 373px;\" width=\"358\">\n<tbody>\n<tr>\n<td width=\"166\"><strong>SPECIFIK\u0100CIJA<\/strong><\/td>\n<td width=\"137\"><\/td>\n<\/tr>\n<tr>\n<td>Pielietojums<\/td>\n<td>Apkures sist\u0113m\u0101s un caurpl\u016bdes sist\u0113mas<\/td>\n<\/tr>\n<tr>\n<td>Trubi\u0146u skaits<\/td>\n<td>24<\/td>\n<\/tr>\n<tr>\n<td>Kr\u0101sa<\/td>\n<td>Hroms<\/td>\n<\/tr>\n<tr>\n<td>Piesl\u0113gums<\/td>\n<td>\u00bd<\/td>\n<\/tr>\n<tr>\n<td>Augstums<\/td>\n<td>1600.mm<\/td>\n<\/tr>\n<tr>\n<td>Platums<\/td>\n<td>500.mm<\/td>\n<\/tr>\n<tr>\n<td>Darba spiediens<\/td>\n<td>10.b\u0101ri<\/td>\n<\/tr>\n<tr>\n<td>Jauda kW<\/td>\n<td>593 W<\/td>\n<\/tr>\n<tr>\n<td>Materi\u0101ls<\/td>\n<td>ner\u016bs\u0113jo\u0161s t\u0113rauds<\/td>\n<\/tr>\n<tr>\n<td><\/td>\n<td><\/td>\n<\/tr>\n<tr>\n<td>Garantija<\/td>\n<td>\u00a05 gadi<\/td>\n<\/tr>\n<\/tbody>\n<\/table>\n","protected":false},"excerpt":{"rendered":"<p>NT 1600 ner\u016bs\u0113jo\u0161\u0101 t\u0113rauda dvie\u013cu \u017e\u0101v\u0113t\u0101js Ner\u016bs\u0113jo\u0161\u0101 t\u0113rauda dvie\u013cu \u017e\u0101v\u0113t\u0101js ar izteiktu dizainu lieliski ieder\u0113sies k\u0101 dizaina akcents j\u016bsu vannasistab\u0101. Der\u012bgi atcer\u0113ties \u2013 ja dvie\u013cu \u017e\u0101v\u0113t\u0101ju izv\u0113lamies ,ne tikai k\u0101 elementu dvie\u013cu \u017e\u0101v\u0113\u0161anai bet ar\u012b pa\u0161as telpas vannasistabas apsildei (siltumavotu), tad b\u016btu j\u0101izv\u0113las dvie\u013cu \u017e\u0101v\u0113t\u0101js ar liel\u0101ku jaudu k\u0101 nepiecams pa\u0161as telpas apsildei, jo l\u012bdz\u012bgs [&hellip;]<\/p>\n","protected":false},"featured_media":32039,"comment_status":"closed","ping_status":"closed","template":"","meta":{"inline_featured_image":false,"_uf_show_specific_survey":0,"_uf_disable_surveys":false},"product_brand":[],"product_cat":[2439],"product_tag":[2151,2155,2156,2154,2158,2157,2553],"class_list":{"0":"post-32038","1":"product","2":"type-product","3":"status-publish","4":"has-post-thumbnail","6":"product_cat-dvielu-zavetaji","7":"product_tag-dizaina-dvielu-zavetajs","8":"product_tag-dvielu-zavetajs-antracita-krasas","9":"product_tag-dvielu-zavetajs-ar-platumu-500","10":"product_tag-dvielu-zavetajs-melns","11":"product_tag-interesants-dvielu-zavetajs","12":"product_tag-melni-dvielu-zavetaji","13":"product_tag-nerusejosa-terauda","16":"first","17":"instock","18":"sale","19":"featured","20":"taxable","21":"shipping-taxable","22":"purchasable","23":"product-type-simple"},"_links":{"self":[{"href":"https:\/\/kraftlager.lv\/ru\/wp-json\/wp\/v2\/product\/32038","targetHints":{"allow":["GET"]}}],"collection":[{"href":"https:\/\/kraftlager.lv\/ru\/wp-json\/wp\/v2\/product"}],"about":[{"href":"https:\/\/kraftlager.lv\/ru\/wp-json\/wp\/v2\/types\/product"}],"replies":[{"embeddable":true,"href":"https:\/\/kraftlager.lv\/ru\/wp-json\/wp\/v2\/comments?post=32038"}],"wp:featuredmedia":[{"embeddable":true,"href":"https:\/\/kraftlager.lv\/ru\/wp-json\/wp\/v2\/media\/32039"}],"wp:attachment":[{"href":"https:\/\/kraftlager.lv\/ru\/wp-json\/wp\/v2\/media?parent=32038"}],"wp:term":[{"taxonomy":"product_brand","embeddable":true,"href":"https:\/\/kraftlager.lv\/ru\/wp-json\/wp\/v2\/product_brand?post=32038"},{"taxonomy":"product_cat","embeddable":true,"href":"https:\/\/kraftlager.lv\/ru\/wp-json\/wp\/v2\/product_cat?post=32038"},{"taxonomy":"product_tag","embeddable":true,"href":"https:\/\/kraftlager.lv\/ru\/wp-json\/wp\/v2\/product_tag?post=32038"}],"curies":[{"name":"wp","href":"https:\/\/api.w.org\/{rel}","templated":true}]}}