{"id":32100,"date":"2025-06-06T13:21:53","date_gmt":"2025-06-06T13:21:53","guid":{"rendered":"https:\/\/kraftlager.lv\/lv\/?post_type=product&#038;p=32100"},"modified":"2025-08-19T13:43:22","modified_gmt":"2025-08-19T13:43:22","slug":"retro-radiatoru-ventilis-1-2","status":"publish","type":"product","link":"https:\/\/kraftlager.lv\/ru\/products\/retro-radiatoru-ventilis-1-2\/","title":{"rendered":"Retro radiatoru ventilis 1\/2"},"content":{"rendered":"<p>HEIZWARM Retro s\u0113rijas radiatoru ventilis, piel\u0101gojams radiatoriem un dvie\u013cu \u017e\u0101v\u0113t\u0101jiem, standarta apkures sist\u0113m\u0101s. Radiatoru ventilis lieliski saskan\u0113s ar retro tipa apkures radiatoriem &#8211;\u00a0 (\u010duguna, t\u0113rauda un alum\u012bnija radiatoriem), v\u0101rsts veidots 90. gr\u0101du le\u0146\u0137\u012b, \u013caujot izveidot radiatoru piesl\u0113gumu gan no sienas, gan gr\u012bdas. Radiatoru piesl\u0113gvietai \u0101r\u0113j\u0101 v\u012btne 1\/2, piesl\u0113gvieta apkures sist\u0113mai 15mm kapara ar gredzenu.<\/p>\n<p>Komolekt\u0101 ietilpst 2.gb radiatoru venti\u013ci.<\/p>\n","protected":false},"excerpt":{"rendered":"<p>HEIZWARM Retro s\u0113rijas radiatoru ventilis, piel\u0101gojams radiatoriem un dvie\u013cu \u017e\u0101v\u0113t\u0101jiem, standarta apkures sist\u0113m\u0101s. Radiatoru ventilis lieliski saskan\u0113s ar retro tipa apkures radiatoriem &#8211;\u00a0 (\u010duguna, t\u0113rauda un alum\u012bnija radiatoriem), v\u0101rsts veidots 90. gr\u0101du le\u0146\u0137\u012b, \u013caujot izveidot radiatoru piesl\u0113gumu gan no sienas, gan gr\u012bdas. Radiatoru piesl\u0113gvietai \u0101r\u0113j\u0101 v\u012btne 1\/2, piesl\u0113gvieta apkures sist\u0113mai 15mm kapara ar gredzenu. Komolekt\u0101 [&hellip;]<\/p>\n","protected":false},"featured_media":32101,"comment_status":"closed","ping_status":"closed","template":"","meta":{"inline_featured_image":false,"_uf_show_specific_survey":0,"_uf_disable_surveys":false},"product_brand":[],"product_cat":[2440],"product_tag":[2558,2554,2555,2556,2557],"class_list":{"0":"post-32100","1":"product","2":"type-product","3":"status-publish","4":"has-post-thumbnail","6":"product_cat-aksesuari","7":"product_tag-hromets-radadiatora-ventilis","8":"product_tag-radiatoru-varsts-retro","9":"product_tag-raditoru-ventilis-retro","10":"product_tag-vintage-varsts-radiatoram","11":"product_tag-vintage-ventilis-radiatoriem","14":"first","15":"instock","16":"sale","17":"taxable","18":"shipping-taxable","19":"purchasable","20":"product-type-simple"},"_links":{"self":[{"href":"https:\/\/kraftlager.lv\/ru\/wp-json\/wp\/v2\/product\/32100","targetHints":{"allow":["GET"]}}],"collection":[{"href":"https:\/\/kraftlager.lv\/ru\/wp-json\/wp\/v2\/product"}],"about":[{"href":"https:\/\/kraftlager.lv\/ru\/wp-json\/wp\/v2\/types\/product"}],"replies":[{"embeddable":true,"href":"https:\/\/kraftlager.lv\/ru\/wp-json\/wp\/v2\/comments?post=32100"}],"wp:featuredmedia":[{"embeddable":true,"href":"https:\/\/kraftlager.lv\/ru\/wp-json\/wp\/v2\/media\/32101"}],"wp:attachment":[{"href":"https:\/\/kraftlager.lv\/ru\/wp-json\/wp\/v2\/media?parent=32100"}],"wp:term":[{"taxonomy":"product_brand","embeddable":true,"href":"https:\/\/kraftlager.lv\/ru\/wp-json\/wp\/v2\/product_brand?post=32100"},{"taxonomy":"product_cat","embeddable":true,"href":"https:\/\/kraftlager.lv\/ru\/wp-json\/wp\/v2\/product_cat?post=32100"},{"taxonomy":"product_tag","embeddable":true,"href":"https:\/\/kraftlager.lv\/ru\/wp-json\/wp\/v2\/product_tag?post=32100"}],"curies":[{"name":"wp","href":"https:\/\/api.w.org\/{rel}","templated":true}]}}